{"id":35,"date":"2026-02-01T06:00:29","date_gmt":"2026-02-01T06:00:29","guid":{"rendered":"https:\/\/autotech-consulting.com\/faq\/"},"modified":"2026-04-14T18:41:30","modified_gmt":"2026-04-14T18:41:30","slug":"faq","status":"publish","type":"page","link":"https:\/\/autotech-consulting.com\/es\/faq\/","title":{"rendered":"Preguntas frecuentes"},"content":{"rendered":"<div class=\"wp-block-group alignfull is-style-ext-preset--group--natural-1--section has-background-background-color has-background has-global-padding is-layout-constrained wp-container-core-group-is-layout-e955bbaf wp-block-group-is-layout-constrained\" id=\"h\u00e4ufig-gestellte-fragen\" style=\"margin-top:0;margin-bottom:0;padding-top:var(--wp--preset--spacing--70);padding-bottom:var(--wp--preset--spacing--70)\">\n<div class=\"wp-block-group alignwide is-vertical is-layout-flex wp-container-core-group-is-layout-c35747d5 wp-block-group-is-layout-flex\">\n<div class=\"wp-block-group has-global-padding is-layout-constrained wp-container-core-group-is-layout-2287c683 wp-block-group-is-layout-constrained\">\n<h2 class=\"wp-block-heading\">Leistungssteigerung durch Automatisierung<\/h2>\n\n\n\n<p>Hier beantworten wir die wichtigsten Fragen rund um Industrieautomatisierung und Robotik, damit Sie schnell die richtigen Informationen finden.<\/p>\n<\/div>\n<\/div>\n\n\n\n<div class=\"wp-block-columns alignwide is-layout-flex wp-container-core-columns-is-layout-08c01c1c wp-block-columns-is-layout-flex\">\n<div class=\"wp-block-column is-layout-flow wp-container-core-column-is-layout-119bc444 wp-block-column-is-layout-flow\">\n<div class=\"wp-block-group is-style-ext-preset--group--natural-1--item-card-1--align-start has-global-padding is-layout-constrained wp-block-group-is-layout-constrained is-style-ext-preset--group--natural-1--item-card-1--align-start--2\">\n<div class=\"wp-block-group is-style-default has-global-padding is-layout-constrained wp-block-group-is-layout-constrained\">\n<h3 class=\"wp-block-heading\">Welche Vorteile bietet die SPS-Programmierung mit Siemens TIA Portal?<\/h3>\n\n\n\n<p>Sie erm\u00f6glicht flexible und effiziente Steuerungen, die Ihre Produktionsprozesse optimieren.<\/p>\n<\/div>\n<\/div>\n<\/div>\n\n\n\n<div class=\"wp-block-column is-layout-flow wp-container-core-column-is-layout-119bc444 wp-block-column-is-layout-flow\">\n<div class=\"wp-block-group is-style-ext-preset--group--natural-1--item-card-1--align-start has-global-padding is-layout-constrained wp-block-group-is-layout-constrained is-style-ext-preset--group--natural-1--item-card-1--align-start--3\">\n<div class=\"wp-block-group is-style-default has-global-padding is-layout-constrained wp-block-group-is-layout-constrained\">\n<h3 class=\"wp-block-heading\">Wie unterst\u00fctzen Sie bei der Inbetriebnahme von Industrieanlagen?<\/h3>\n\n\n\n<p>Wir begleiten Sie von der Planung bis zur Implementierung, um einen reibungslosen Start sicherzustellen.<\/p>\n<\/div>\n<\/div>\n<\/div>\n<\/div>\n\n\n\n<div class=\"wp-block-columns alignwide is-layout-flex wp-container-core-columns-is-layout-967d05ff wp-block-columns-is-layout-flex\" style=\"margin-top:var(--wp--preset--spacing--40)\">\n<div class=\"wp-block-column is-layout-flow wp-container-core-column-is-layout-119bc444 wp-block-column-is-layout-flow\">\n<div class=\"wp-block-group is-style-ext-preset--group--natural-1--item-card-1--align-start has-global-padding is-layout-constrained wp-block-group-is-layout-constrained is-style-ext-preset--group--natural-1--item-card-1--align-start--4\">\n<div class=\"wp-block-group is-style-default has-global-padding is-layout-constrained wp-block-group-is-layout-constrained\">\n<h3 class=\"wp-block-heading\">Welche Erfahrung haben Sie im 3D-Design?<\/h3>\n\n\n\n<p>Wir entwickeln pr\u00e4zise 3D\u2011Komponenten und Baugruppen und bringen umfangreiche Erfahrung im funktionalen und fertigungsgerechten Design mit.<\/p>\n<\/div>\n<\/div>\n<\/div>\n\n\n\n<div class=\"wp-block-column is-layout-flow wp-container-core-column-is-layout-119bc444 wp-block-column-is-layout-flow\">\n<div class=\"wp-block-group is-style-ext-preset--group--natural-1--item-card-1--align-start has-global-padding is-layout-constrained wp-block-group-is-layout-constrained is-style-ext-preset--group--natural-1--item-card-1--align-start--5\">\n<div class=\"wp-block-group is-style-default has-global-padding is-layout-constrained wp-block-group-is-layout-constrained\">\n<h3 class=\"wp-block-heading\">Welche Erfahrung haben Sie im 3D-Design?<\/h3>\n\n\n\n<p>Wir entwickeln pr\u00e4zise 3D\u2011Komponenten und Baugruppen und bringen umfangreiche Erfahrung im funktionalen und fertigungsgerechten Design mit.<\/p>\n<\/div>\n<\/div>\n<\/div>\n<\/div>\n\n\n\n<div class=\"wp-block-columns alignwide is-layout-flex wp-container-core-columns-is-layout-967d05ff wp-block-columns-is-layout-flex\" style=\"margin-top:var(--wp--preset--spacing--40)\">\n<div class=\"wp-block-column is-layout-flow wp-container-core-column-is-layout-119bc444 wp-block-column-is-layout-flow\">\n<div class=\"wp-block-group is-style-ext-preset--group--natural-1--item-card-1--align-start has-global-padding is-layout-constrained wp-block-group-is-layout-constrained is-style-ext-preset--group--natural-1--item-card-1--align-start--6\">\n<div class=\"wp-block-group is-style-default has-global-padding is-layout-constrained wp-block-group-is-layout-constrained\">\n<h3 class=\"wp-block-heading\">Wie tragen Ihre L\u00f6sungen zur Produktionsoptimierung bei?<\/h3>\n\n\n\n<p>Durch Prozessanalyse und gezielte Anpassungen steigern wir Effizienz und Zuverl\u00e4ssigkeit Ihrer Anlagen.<\/p>\n<\/div>\n<\/div>\n<\/div>\n\n\n\n<div class=\"wp-block-column is-layout-flow wp-container-core-column-is-layout-119bc444 wp-block-column-is-layout-flow\">\n<div class=\"wp-block-group is-style-ext-preset--group--natural-1--item-card-1--align-start has-global-padding is-layout-constrained wp-block-group-is-layout-constrained is-style-ext-preset--group--natural-1--item-card-1--align-start--7\">\n<div class=\"wp-block-group is-style-default has-global-padding is-layout-constrained wp-block-group-is-layout-constrained\">\n<h3 class=\"wp-block-heading\">Wie tragen Ihre L\u00f6sungen zur Produktionsoptimierung bei?<\/h3>\n\n\n\n<p>Durch Prozessanalyse und gezielte Anpassungen steigern wir Effizienz und Zuverl\u00e4ssigkeit Ihrer Anlagen.<\/p>\n<\/div>\n<\/div>\n<\/div>\n<\/div>\n<\/div>\n\n\n\n<div class=\"wp-block-group alignfull is-style-ext-preset--group--natural-1--section has-tertiary-background-color has-background has-global-padding is-layout-constrained wp-container-core-group-is-layout-e955bbaf wp-block-group-is-layout-constrained\" style=\"margin-top:0;margin-bottom:0;padding-top:var(--wp--preset--spacing--70);padding-bottom:var(--wp--preset--spacing--70)\">\n<div class=\"wp-block-group alignwide is-vertical is-content-justification-center is-layout-flex wp-container-core-group-is-layout-c9ee0c5a wp-block-group-is-layout-flex\">\n<div class=\"wp-block-group has-global-padding is-layout-constrained wp-container-core-group-is-layout-5e05634a wp-block-group-is-layout-constrained\">\n<h2 class=\"wp-block-heading has-text-align-center\">Vertrauen schaffen durch gepr\u00fcfte Expertise<\/h2>\n\n\n\n<p class=\"has-text-align-center\">Hier werden unsere wichtigsten Industrie- und Sicherheitszertifikate pr\u00e4sentiert, die unsere Kompetenz und Verl\u00e4sslichkeit belegen.<\/p>\n<\/div>\n<\/div>\n\n\n\n<div class=\"wp-block-columns alignwide is-layout-flex wp-container-core-columns-is-layout-08c01c1c wp-block-columns-is-layout-flex\">\n<div class=\"wp-block-column is-vertically-aligned-stretch is-layout-flow wp-container-core-column-is-layout-f5bb311e wp-block-column-is-layout-flow\">\n<div class=\"wp-block-group is-style-ext-preset--group--natural-1--item-card-1--align-center has-global-padding is-layout-constrained wp-block-group-is-layout-constrained is-style-ext-preset--group--natural-1--item-card-1--align-center--9\">\n<div class=\"wp-block-group is-style-default has-global-padding is-layout-constrained wp-block-group-is-layout-constrained\">\n<figure class=\"wp-block-image aligncenter size-large ext-aspect-landscape wp-duotone-primary-foreground\"><img decoding=\"async\" src=\"data:image\/svg+xml;base64,PHN2ZyB4bWxucz0iaHR0cDovL3d3dy53My5vcmcvMjAwMC9zdmciIHdpZHRoPSI0OCIgaGVpZ2h0PSI0OCIgZmlsbD0iIzAwMDAwMCIgdmlld0JveD0iMCAwIDI1NiAyNTYiPjxwYXRoIGQ9Ik0xNzIsNzZhNDQsNDQsMCwxLDAtNDQsNDRBNDQuMDUsNDQuMDUsMCwwLDAsMTcyLDc2Wm0tNDQsMjhhMjgsMjgsMCwxLDEsMjgtMjhBMjgsMjgsMCwwLDEsMTI4LDEwNFptNjAsMjRhNDQsNDQsMCwxLDAsNDQsNDRBNDQuMDUsNDQuMDUsMCwwLDAsMTg4LDEyOFptMCw3MmEyOCwyOCwwLDEsMSwyOC0yOEEyOCwyOCwwLDAsMSwxODgsMjAwWk02OCwxMjhhNDQsNDQsMCwxLDAsNDQsNDRBNDQuMDUsNDQuMDUsMCwwLDAsNjgsMTI4Wm0wLDcyYTI4LDI4LDAsMSwxLDI4LTI4QTI4LDI4LDAsMCwxLDY4LDIwMFoiPjwvcGF0aD48L3N2Zz4=\" alt=\"\" style=\"object-fit:cover\"\/><\/figure>\n\n\n\n<h3 class=\"wp-block-heading has-text-align-center\">Siemens TIA Portal Zertifizierung<\/h3>\n\n\n\n<p class=\"has-text-align-center\">Diese Zertifizierung best\u00e4tigt unsere fundierten Kenntnisse in der SPS-Programmierung mit Siemens TIA Portal und garantiert h\u00f6chste Qualit\u00e4t.<\/p>\n<\/div>\n<\/div>\n<\/div>\n\n\n\n<div class=\"wp-block-column is-vertically-aligned-stretch is-layout-flow wp-container-core-column-is-layout-f5bb311e wp-block-column-is-layout-flow\">\n<div class=\"wp-block-group is-style-ext-preset--group--natural-1--item-card-1--align-center has-global-padding is-layout-constrained wp-block-group-is-layout-constrained is-style-ext-preset--group--natural-1--item-card-1--align-center--10\">\n<div class=\"wp-block-group is-style-default has-global-padding is-layout-constrained wp-block-group-is-layout-constrained\">\n<figure class=\"wp-block-image aligncenter size-large ext-aspect-landscape wp-duotone-primary-foreground\"><img decoding=\"async\" src=\"data:image\/svg+xml;base64,PHN2ZyB4bWxucz0iaHR0cDovL3d3dy53My5vcmcvMjAwMC9zdmciIHdpZHRoPSI0OCIgaGVpZ2h0PSI0OCIgZmlsbD0iIzAwMDAwMCIgdmlld0JveD0iMCAwIDI1NiAyNTYiPjxwYXRoIGQ9Ik04MCw0MGE0MCw0MCwwLDEsMCw0MCw0MEE0MCw0MCwwLDAsMCw4MCw0MFptMCw2NGEyNCwyNCwwLDEsMSwyNC0yNEEyNCwyNCwwLDAsMSw4MCwxMDRabTk2LDE2YTQwLDQwLDAsMSwwLTQwLTQwQTQwLDQwLDAsMCwwLDE3NiwxMjBabTAtNjRhMjQsMjQsMCwxLDEtMjQsMjRBMjQsMjQsMCwwLDEsMTc2LDU2Wk04MCwxMzZhNDAsNDAsMCwxLDAsNDAsNDBBNDAsNDAsMCwwLDAsODAsMTM2Wm0wLDY0YTI0LDI0LDAsMSwxLDI0LTI0QTI0LDI0LDAsMCwxLDgwLDIwMFptOTYtNjRhNDAsNDAsMCwxLDAsNDAsNDBBNDAsNDAsMCwwLDAsMTc2LDEzNlptMCw2NGEyNCwyNCwwLDEsMSwyNC0yNEEyNCwyNCwwLDAsMSwxNzYsMjAwWiI+PC9wYXRoPjwvc3ZnPg==\" alt=\"\" style=\"object-fit:cover\"\/><\/figure>\n\n\n\n<h3 class=\"wp-block-heading has-text-align-center\">ISO 9001 Qualit\u00e4tsmanagement<\/h3>\n\n\n\n<p class=\"has-text-align-center\">Diese Auszeichnung unterstreicht unser Engagement f\u00fcr kontinuierliche Prozessoptimierung und Kundenzufriedenheit.<\/p>\n<\/div>\n<\/div>\n<\/div>\n\n\n\n<div class=\"wp-block-column is-vertically-aligned-stretch is-layout-flow wp-container-core-column-is-layout-f5bb311e wp-block-column-is-layout-flow\">\n<div class=\"wp-block-group is-style-ext-preset--group--natural-1--item-card-1--align-center has-global-padding is-layout-constrained wp-block-group-is-layout-constrained is-style-ext-preset--group--natural-1--item-card-1--align-center--11\">\n<div class=\"wp-block-group is-style-default has-global-padding is-layout-constrained wp-block-group-is-layout-constrained\">\n<figure class=\"wp-block-image aligncenter size-large ext-aspect-landscape wp-duotone-primary-foreground\"><img decoding=\"async\" src=\"data:image\/svg+xml;base64,PHN2ZyB4bWxucz0iaHR0cDovL3d3dy53My5vcmcvMjAwMC9zdmciIHdpZHRoPSI0OCIgaGVpZ2h0PSI0OCIgZmlsbD0iIzAwMDAwMCIgdmlld0JveD0iMCAwIDI1NiAyNTYiPjxwYXRoIGQ9Ik04MCw0MGE0MCw0MCwwLDEsMCw0MCw0MEE0MCw0MCwwLDAsMCw4MCw0MFptMCw2NGEyNCwyNCwwLDEsMSwyNC0yNEEyNCwyNCwwLDAsMSw4MCwxMDRabTk2LDE2YTQwLDQwLDAsMSwwLTQwLTQwQTQwLDQwLDAsMCwwLDE3NiwxMjBabTAtNjRhMjQsMjQsMCwxLDEtMjQsMjRBMjQsMjQsMCwwLDEsMTc2LDU2Wk04MCwxMzZhNDAsNDAsMCwxLDAsNDAsNDBBNDAsNDAsMCwwLDAsODAsMTM2Wm0wLDY0YTI0LDI0LDAsMSwxLDI0LTI0QTI0LDI0LDAsMCwxLDgwLDIwMFptMTM2LTI0YTgsOCwwLDAsMS04LDhIMTg0djI0YTgsOCwwLDAsMS0xNiwwVjE4NEgxNDRhOCw4LDAsMCwxLDAtMTZoMjRWMTQ0YTgsOCwwLDAsMSwxNiwwdjI0aDI0QTgsOCwwLDAsMSwyMTYsMTc2WiI+PC9wYXRoPjwvc3ZnPg==\" alt=\"\" style=\"object-fit:cover\"\/><\/figure>\n\n\n\n<h3 class=\"wp-block-heading has-text-align-center\">Sicherheitsstandard IEC 61508<\/h3>\n\n\n\n<p class=\"has-text-align-center\">Diese Anerkennung belegt unsere Expertise in funktionaler Sicherheit und sichert h\u00f6chste Anlagenzuverl\u00e4ssigkeit.<\/p>\n<\/div>\n<\/div>\n<\/div>\n<\/div>\n<\/div>","protected":false},"excerpt":{"rendered":"<p>Leistungssteigerung durch Automatisierung Hier beantworten wir die wichtigsten Fragen rund um Industrieautomatisierung und Robotik, damit Sie schnell die richtigen Informationen finden. Welche Vorteile bietet die SPS-Programmierung mit Siemens TIA Portal? Sie erm\u00f6glicht flexible und effiziente Steuerungen, die Ihre Produktionsprozesse optimieren. Wie unterst\u00fctzen Sie bei der Inbetriebnahme von Industrieanlagen? Wir begleiten Sie von der Planung bis [&hellip;]<\/p>\n","protected":false},"author":1,"featured_media":0,"parent":0,"menu_order":0,"comment_status":"closed","ping_status":"closed","template":"page-with-title","meta":{"footnotes":""},"class_list":["post-35","page","type-page","status-publish","hentry"],"yoast_head":"<!-- This site is optimized with the Yoast SEO plugin v27.5 - https:\/\/yoast.com\/product\/yoast-seo-wordpress\/ -->\n<title>FAQ - AutoTech Consulting %<\/title>\n<meta name=\"description\" content=\"FAQ AutoTech Consulting -\" \/>\n<meta name=\"robots\" content=\"index, follow, max-snippet:-1, max-image-preview:large, max-video-preview:-1\" \/>\n<link rel=\"canonical\" href=\"https:\/\/autotech-consulting.com\/es\/faq\/\" \/>\n<meta property=\"og:locale\" content=\"es_ES\" \/>\n<meta property=\"og:type\" content=\"article\" \/>\n<meta property=\"og:title\" content=\"FAQ - AutoTech Consulting %\" \/>\n<meta property=\"og:description\" content=\"FAQ AutoTech Consulting -\" \/>\n<meta property=\"og:url\" content=\"https:\/\/autotech-consulting.com\/es\/faq\/\" \/>\n<meta property=\"og:site_name\" content=\"AutoTech Consulting\" \/>\n<meta property=\"article:modified_time\" content=\"2026-04-14T18:41:30+00:00\" \/>\n<meta name=\"twitter:card\" content=\"summary_large_image\" \/>\n<meta name=\"twitter:label1\" content=\"Tiempo de lectura\" \/>\n\t<meta name=\"twitter:data1\" content=\"1 minuto\" \/>\n<script type=\"application\/ld+json\" class=\"yoast-schema-graph\">{\"@context\":\"https:\\\/\\\/schema.org\",\"@graph\":[{\"@type\":\"WebPage\",\"@id\":\"https:\\\/\\\/autotech-consulting.com\\\/faq\\\/\",\"url\":\"https:\\\/\\\/autotech-consulting.com\\\/faq\\\/\",\"name\":\"FAQ - AutoTech Consulting %\",\"isPartOf\":{\"@id\":\"https:\\\/\\\/autotech-consulting.com\\\/#website\"},\"datePublished\":\"2026-02-01T06:00:29+00:00\",\"dateModified\":\"2026-04-14T18:41:30+00:00\",\"description\":\"FAQ AutoTech Consulting -\",\"breadcrumb\":{\"@id\":\"https:\\\/\\\/autotech-consulting.com\\\/faq\\\/#breadcrumb\"},\"inLanguage\":\"es\",\"potentialAction\":[{\"@type\":\"ReadAction\",\"target\":[\"https:\\\/\\\/autotech-consulting.com\\\/faq\\\/\"]}]},{\"@type\":\"BreadcrumbList\",\"@id\":\"https:\\\/\\\/autotech-consulting.com\\\/faq\\\/#breadcrumb\",\"itemListElement\":[{\"@type\":\"ListItem\",\"position\":1,\"name\":\"Start\",\"item\":\"https:\\\/\\\/autotech-consulting.com\\\/\"},{\"@type\":\"ListItem\",\"position\":2,\"name\":\"FAQ\"}]},{\"@type\":\"WebSite\",\"@id\":\"https:\\\/\\\/autotech-consulting.com\\\/#website\",\"url\":\"https:\\\/\\\/autotech-consulting.com\\\/\",\"name\":\"AutoTech Consulting\",\"description\":\"Autotech Consulting bietet L\u00f6sungen in industrieller Automatisierung, Robotik und Prozessplanung, um die Produktion effizient und sicher zu optimieren und zu digitalisieren.\",\"publisher\":{\"@id\":\"https:\\\/\\\/autotech-consulting.com\\\/#organization\"},\"potentialAction\":[{\"@type\":\"SearchAction\",\"target\":{\"@type\":\"EntryPoint\",\"urlTemplate\":\"https:\\\/\\\/autotech-consulting.com\\\/?s={search_term_string}\"},\"query-input\":{\"@type\":\"PropertyValueSpecification\",\"valueRequired\":true,\"valueName\":\"search_term_string\"}}],\"inLanguage\":\"es\"},{\"@type\":\"Organization\",\"@id\":\"https:\\\/\\\/autotech-consulting.com\\\/#organization\",\"name\":\"AutoTech Consulting\",\"url\":\"https:\\\/\\\/autotech-consulting.com\\\/\",\"logo\":{\"@type\":\"ImageObject\",\"inLanguage\":\"es\",\"@id\":\"https:\\\/\\\/autotech-consulting.com\\\/#\\\/schema\\\/logo\\\/image\\\/\",\"url\":\"https:\\\/\\\/autotech-consulting.com\\\/wp-content\\\/uploads\\\/2026\\\/02\\\/erasebg-transformed-1.png\",\"contentUrl\":\"https:\\\/\\\/autotech-consulting.com\\\/wp-content\\\/uploads\\\/2026\\\/02\\\/erasebg-transformed-1.png\",\"width\":715,\"height\":602,\"caption\":\"AutoTech Consulting\"},\"image\":{\"@id\":\"https:\\\/\\\/autotech-consulting.com\\\/#\\\/schema\\\/logo\\\/image\\\/\"}}]}<\/script>\n<!-- \/ Yoast SEO plugin. -->","yoast_head_json":{"title":"FAQ - AutoTech Consulting %","description":"FAQ AutoTech Consulting -","robots":{"index":"index","follow":"follow","max-snippet":"max-snippet:-1","max-image-preview":"max-image-preview:large","max-video-preview":"max-video-preview:-1"},"canonical":"https:\/\/autotech-consulting.com\/es\/faq\/","og_locale":"es_ES","og_type":"article","og_title":"FAQ - AutoTech Consulting %","og_description":"FAQ AutoTech Consulting -","og_url":"https:\/\/autotech-consulting.com\/es\/faq\/","og_site_name":"AutoTech Consulting","article_modified_time":"2026-04-14T18:41:30+00:00","twitter_card":"summary_large_image","twitter_misc":{"Tiempo de lectura":"1 minuto"},"schema":{"@context":"https:\/\/schema.org","@graph":[{"@type":"WebPage","@id":"https:\/\/autotech-consulting.com\/faq\/","url":"https:\/\/autotech-consulting.com\/faq\/","name":"FAQ - AutoTech Consulting %","isPartOf":{"@id":"https:\/\/autotech-consulting.com\/#website"},"datePublished":"2026-02-01T06:00:29+00:00","dateModified":"2026-04-14T18:41:30+00:00","description":"FAQ AutoTech Consulting -","breadcrumb":{"@id":"https:\/\/autotech-consulting.com\/faq\/#breadcrumb"},"inLanguage":"es","potentialAction":[{"@type":"ReadAction","target":["https:\/\/autotech-consulting.com\/faq\/"]}]},{"@type":"BreadcrumbList","@id":"https:\/\/autotech-consulting.com\/faq\/#breadcrumb","itemListElement":[{"@type":"ListItem","position":1,"name":"Start","item":"https:\/\/autotech-consulting.com\/"},{"@type":"ListItem","position":2,"name":"FAQ"}]},{"@type":"WebSite","@id":"https:\/\/autotech-consulting.com\/#website","url":"https:\/\/autotech-consulting.com\/","name":"AutoTech Consulting","description":"Autotech Consulting bietet L\u00f6sungen in industrieller Automatisierung, Robotik und Prozessplanung, um die Produktion effizient und sicher zu optimieren und zu digitalisieren.","publisher":{"@id":"https:\/\/autotech-consulting.com\/#organization"},"potentialAction":[{"@type":"SearchAction","target":{"@type":"EntryPoint","urlTemplate":"https:\/\/autotech-consulting.com\/?s={search_term_string}"},"query-input":{"@type":"PropertyValueSpecification","valueRequired":true,"valueName":"search_term_string"}}],"inLanguage":"es"},{"@type":"Organization","@id":"https:\/\/autotech-consulting.com\/#organization","name":"AutoTech Consulting","url":"https:\/\/autotech-consulting.com\/","logo":{"@type":"ImageObject","inLanguage":"es","@id":"https:\/\/autotech-consulting.com\/#\/schema\/logo\/image\/","url":"https:\/\/autotech-consulting.com\/wp-content\/uploads\/2026\/02\/erasebg-transformed-1.png","contentUrl":"https:\/\/autotech-consulting.com\/wp-content\/uploads\/2026\/02\/erasebg-transformed-1.png","width":715,"height":602,"caption":"AutoTech Consulting"},"image":{"@id":"https:\/\/autotech-consulting.com\/#\/schema\/logo\/image\/"}}]}},"_links":{"self":[{"href":"https:\/\/autotech-consulting.com\/es\/wp-json\/wp\/v2\/pages\/35","targetHints":{"allow":["GET"]}}],"collection":[{"href":"https:\/\/autotech-consulting.com\/es\/wp-json\/wp\/v2\/pages"}],"about":[{"href":"https:\/\/autotech-consulting.com\/es\/wp-json\/wp\/v2\/types\/page"}],"author":[{"embeddable":true,"href":"https:\/\/autotech-consulting.com\/es\/wp-json\/wp\/v2\/users\/1"}],"replies":[{"embeddable":true,"href":"https:\/\/autotech-consulting.com\/es\/wp-json\/wp\/v2\/comments?post=35"}],"version-history":[{"count":5,"href":"https:\/\/autotech-consulting.com\/es\/wp-json\/wp\/v2\/pages\/35\/revisions"}],"predecessor-version":[{"id":199,"href":"https:\/\/autotech-consulting.com\/es\/wp-json\/wp\/v2\/pages\/35\/revisions\/199"}],"wp:attachment":[{"href":"https:\/\/autotech-consulting.com\/es\/wp-json\/wp\/v2\/media?parent=35"}],"curies":[{"name":"wp","href":"https:\/\/api.w.org\/{rel}","templated":true}]}}