{"id":34,"date":"2026-02-01T06:00:28","date_gmt":"2026-02-01T06:00:28","guid":{"rendered":"https:\/\/autotech-consulting.com\/ressourcen\/"},"modified":"2026-04-14T18:59:18","modified_gmt":"2026-04-14T18:59:18","slug":"ressourcen","status":"publish","type":"page","link":"https:\/\/autotech-consulting.com\/es\/ressourcen\/","title":{"rendered":"Recursos"},"content":{"rendered":"<div class=\"wp-block-group alignfull is-style-ext-preset--group--natural-1--section has-tertiary-background-color has-background has-global-padding is-layout-constrained wp-container-core-group-is-layout-e955bbaf wp-block-group-is-layout-constrained\" id=\"funktionen\" style=\"margin-top:0;margin-bottom:0;padding-top:var(--wp--preset--spacing--70);padding-bottom:var(--wp--preset--spacing--70)\">\n<div class=\"wp-block-group alignwide is-vertical is-layout-flex wp-container-core-group-is-layout-c35747d5 wp-block-group-is-layout-flex\">\n<div class=\"wp-block-group has-global-padding is-layout-constrained wp-container-core-group-is-layout-5e05634a wp-block-group-is-layout-constrained\">\n<h2 class=\"wp-block-heading\">Produktion optimieren mit Industrieautomatisierung<\/h2>\n\n\n\n<p class=\"has-text-align-left\">AutoTech Consulting bietet spezialisierte Expertise in Elektroplanung, SPS-Programmierung und Prozessoptimierung f\u00fcr effiziente und zuverl\u00e4ssige Industrieanlagen.<\/p>\n<\/div>\n<\/div>\n\n\n\n<div class=\"wp-block-columns alignwide is-layout-flex wp-container-core-columns-is-layout-87beb0d0 wp-block-columns-is-layout-flex\">\n<div class=\"wp-block-column is-vertically-aligned-stretch is-layout-flow wp-container-core-column-is-layout-119bc444 wp-block-column-is-layout-flow\">\n<div class=\"wp-block-media-text is-stacked-on-mobile is-image-fill-element is-style-ext-preset--media-text--natural-1--card-1 has-background-background-color has-background is-style-ext-preset--media-text--natural-1--card-1--2\"><figure class=\"wp-block-media-text__media\"><img loading=\"lazy\" decoding=\"async\" width=\"1440\" height=\"960\" src=\"https:\/\/autotech-consulting.com\/wp-content\/uploads\/2026\/02\/7f5660335708477503647d4e400c1af330238e73.jpg\" alt=\"\" class=\"wp-image-49 size-full\" style=\"object-position:50% 50%\" srcset=\"https:\/\/autotech-consulting.com\/wp-content\/uploads\/2026\/02\/7f5660335708477503647d4e400c1af330238e73.jpg 1440w, https:\/\/autotech-consulting.com\/wp-content\/uploads\/2026\/02\/7f5660335708477503647d4e400c1af330238e73-300x200.jpg 300w, https:\/\/autotech-consulting.com\/wp-content\/uploads\/2026\/02\/7f5660335708477503647d4e400c1af330238e73-1024x683.jpg 1024w, https:\/\/autotech-consulting.com\/wp-content\/uploads\/2026\/02\/7f5660335708477503647d4e400c1af330238e73-768x512.jpg 768w, https:\/\/autotech-consulting.com\/wp-content\/uploads\/2026\/02\/7f5660335708477503647d4e400c1af330238e73-18x12.jpg 18w\" sizes=\"auto, (max-width: 1440px) 100vw, 1440px\" \/><\/figure><div class=\"wp-block-media-text__content\">\n<div class=\"wp-block-group is-style-default has-global-padding is-layout-constrained wp-container-core-group-is-layout-9a7b35d3 wp-block-group-is-layout-constrained\" style=\"padding-top:var(--wp--preset--spacing--40);padding-right:var(--wp--preset--spacing--30);padding-bottom:var(--wp--preset--spacing--40);padding-left:var(--wp--preset--spacing--30)\">\n<h3 class=\"wp-block-heading\" style=\"font-size:clamp(15.747px, 0.984rem + ((1vw - 3.2px) * 0.86), 24px);\">Elektroplanung<\/h3>\n\n\n\n<p class=\"has-small-font-size\">Planung und Umsetzung ma\u00dfgeschneiderter elektrischer Steuerungen f\u00fcr industrielle Anwendungen.<\/p>\n<\/div>\n<\/div><\/div>\n<\/div>\n\n\n\n<div class=\"wp-block-column is-vertically-aligned-stretch is-layout-flow wp-container-core-column-is-layout-119bc444 wp-block-column-is-layout-flow\">\n<div class=\"wp-block-media-text is-stacked-on-mobile is-image-fill-element is-style-ext-preset--media-text--natural-1--card-1 has-background-background-color has-background is-style-ext-preset--media-text--natural-1--card-1--3\"><figure class=\"wp-block-media-text__media\"><img loading=\"lazy\" decoding=\"async\" width=\"1440\" height=\"960\" src=\"https:\/\/autotech-consulting.com\/wp-content\/uploads\/2026\/02\/4d7f4f66bde46cf2bd2c4a1a0dc962d5709e8045.jpg\" alt=\"\" class=\"wp-image-57 size-full\" style=\"object-position:50% 50%\" srcset=\"https:\/\/autotech-consulting.com\/wp-content\/uploads\/2026\/02\/4d7f4f66bde46cf2bd2c4a1a0dc962d5709e8045.jpg 1440w, https:\/\/autotech-consulting.com\/wp-content\/uploads\/2026\/02\/4d7f4f66bde46cf2bd2c4a1a0dc962d5709e8045-300x200.jpg 300w, https:\/\/autotech-consulting.com\/wp-content\/uploads\/2026\/02\/4d7f4f66bde46cf2bd2c4a1a0dc962d5709e8045-1024x683.jpg 1024w, https:\/\/autotech-consulting.com\/wp-content\/uploads\/2026\/02\/4d7f4f66bde46cf2bd2c4a1a0dc962d5709e8045-768x512.jpg 768w, https:\/\/autotech-consulting.com\/wp-content\/uploads\/2026\/02\/4d7f4f66bde46cf2bd2c4a1a0dc962d5709e8045-18x12.jpg 18w\" sizes=\"auto, (max-width: 1440px) 100vw, 1440px\" \/><\/figure><div class=\"wp-block-media-text__content\">\n<div class=\"wp-block-group is-style-default has-global-padding is-layout-constrained wp-container-core-group-is-layout-9a7b35d3 wp-block-group-is-layout-constrained\" style=\"padding-top:var(--wp--preset--spacing--40);padding-right:var(--wp--preset--spacing--30);padding-bottom:var(--wp--preset--spacing--40);padding-left:var(--wp--preset--spacing--30)\">\n<h3 class=\"wp-block-heading\" style=\"font-size:clamp(15.747px, 0.984rem + ((1vw - 3.2px) * 0.86), 24px);\">SPS-Programmierung<\/h3>\n\n\n\n<p class=\"has-small-font-size\">Entwicklung und Anpassung von SPS-Programmen mit Siemens TIA Portal f\u00fcr automatisierte Prozesse.<\/p>\n<\/div>\n<\/div><\/div>\n<\/div>\n<\/div>\n\n\n\n<div class=\"wp-block-columns alignwide is-layout-flex wp-container-core-columns-is-layout-e12f0bcd wp-block-columns-is-layout-flex\" style=\"margin-top:var(--wp--preset--spacing--30)\">\n<div class=\"wp-block-column is-layout-flow wp-container-core-column-is-layout-119bc444 wp-block-column-is-layout-flow\">\n<div class=\"wp-block-media-text is-stacked-on-mobile is-image-fill-element is-style-ext-preset--media-text--natural-1--card-1 has-background-background-color has-background is-style-ext-preset--media-text--natural-1--card-1--4\"><figure class=\"wp-block-media-text__media\"><img loading=\"lazy\" decoding=\"async\" width=\"1440\" height=\"903\" src=\"https:\/\/autotech-consulting.com\/wp-content\/uploads\/2026\/02\/9dfa3a4dd68a1c18a9241c911e41f2bc96c082c6.jpg\" alt=\"\" class=\"wp-image-59 size-full\" style=\"object-position:50% 50%\" srcset=\"https:\/\/autotech-consulting.com\/wp-content\/uploads\/2026\/02\/9dfa3a4dd68a1c18a9241c911e41f2bc96c082c6.jpg 1440w, https:\/\/autotech-consulting.com\/wp-content\/uploads\/2026\/02\/9dfa3a4dd68a1c18a9241c911e41f2bc96c082c6-300x188.jpg 300w, https:\/\/autotech-consulting.com\/wp-content\/uploads\/2026\/02\/9dfa3a4dd68a1c18a9241c911e41f2bc96c082c6-1024x642.jpg 1024w, https:\/\/autotech-consulting.com\/wp-content\/uploads\/2026\/02\/9dfa3a4dd68a1c18a9241c911e41f2bc96c082c6-768x482.jpg 768w, https:\/\/autotech-consulting.com\/wp-content\/uploads\/2026\/02\/9dfa3a4dd68a1c18a9241c911e41f2bc96c082c6-18x12.jpg 18w\" sizes=\"auto, (max-width: 1440px) 100vw, 1440px\" \/><\/figure><div class=\"wp-block-media-text__content\">\n<div class=\"wp-block-group is-style-default has-global-padding is-layout-constrained wp-container-core-group-is-layout-9a7b35d3 wp-block-group-is-layout-constrained\" style=\"padding-top:var(--wp--preset--spacing--40);padding-right:var(--wp--preset--spacing--30);padding-bottom:var(--wp--preset--spacing--40);padding-left:var(--wp--preset--spacing--30)\">\n<h3 class=\"wp-block-heading\" style=\"font-size:clamp(15.747px, 0.984rem + ((1vw - 3.2px) * 0.86), 24px);\">Inbetriebnahme<\/h3>\n\n\n\n<p class=\"has-small-font-size\">Fachgerechte Installation und Start von Automatisierungssystemen zur Sicherstellung der Funktionalit\u00e4t.<\/p>\n<\/div>\n<\/div><\/div>\n<\/div>\n\n\n\n<div class=\"wp-block-column is-layout-flow wp-container-core-column-is-layout-119bc444 wp-block-column-is-layout-flow\">\n<div class=\"wp-block-media-text is-stacked-on-mobile is-image-fill-element is-style-ext-preset--media-text--natural-1--card-1 has-background-background-color has-background is-style-ext-preset--media-text--natural-1--card-1--5\"><figure class=\"wp-block-media-text__media\"><img loading=\"lazy\" decoding=\"async\" width=\"1440\" height=\"960\" src=\"https:\/\/autotech-consulting.com\/wp-content\/uploads\/2026\/02\/55034bb04e0732b38472007c096fa15668552082.jpg\" alt=\"\" class=\"wp-image-58 size-full\" style=\"object-position:50% 50%\" srcset=\"https:\/\/autotech-consulting.com\/wp-content\/uploads\/2026\/02\/55034bb04e0732b38472007c096fa15668552082.jpg 1440w, https:\/\/autotech-consulting.com\/wp-content\/uploads\/2026\/02\/55034bb04e0732b38472007c096fa15668552082-300x200.jpg 300w, https:\/\/autotech-consulting.com\/wp-content\/uploads\/2026\/02\/55034bb04e0732b38472007c096fa15668552082-1024x683.jpg 1024w, https:\/\/autotech-consulting.com\/wp-content\/uploads\/2026\/02\/55034bb04e0732b38472007c096fa15668552082-768x512.jpg 768w, https:\/\/autotech-consulting.com\/wp-content\/uploads\/2026\/02\/55034bb04e0732b38472007c096fa15668552082-18x12.jpg 18w\" sizes=\"auto, (max-width: 1440px) 100vw, 1440px\" \/><\/figure><div class=\"wp-block-media-text__content\">\n<div class=\"wp-block-group is-style-default has-global-padding is-layout-constrained wp-container-core-group-is-layout-9a7b35d3 wp-block-group-is-layout-constrained\" style=\"padding-top:var(--wp--preset--spacing--40);padding-right:var(--wp--preset--spacing--30);padding-bottom:var(--wp--preset--spacing--40);padding-left:var(--wp--preset--spacing--30)\">\n<h3 class=\"wp-block-heading\" style=\"font-size:clamp(15.747px, 0.984rem + ((1vw - 3.2px) * 0.86), 24px);\">Prozessoptimierung<\/h3>\n\n\n\n<p class=\"has-small-font-size\">Analyse und Verbesserung von Industrieabl\u00e4ufen zur Steigerung von Effizienz und Zuverl\u00e4ssigkeit.<\/p>\n<\/div>\n<\/div><\/div>\n<\/div>\n<\/div>\n<\/div>\n\n\n\n<div class=\"wp-block-group alignfull is-style-ext-preset--group--natural-1--section has-background-background-color has-background has-global-padding is-layout-constrained wp-container-core-group-is-layout-e955bbaf wp-block-group-is-layout-constrained\" style=\"margin-top:0;margin-bottom:0;padding-top:var(--wp--preset--spacing--70);padding-bottom:var(--wp--preset--spacing--70)\">\n<div class=\"wp-block-group alignwide is-vertical is-layout-flex wp-container-core-group-is-layout-c35747d5 wp-block-group-is-layout-flex\">\n<div class=\"wp-block-group has-global-padding is-layout-constrained wp-container-core-group-is-layout-5e05634a wp-block-group-is-layout-constrained\">\n<h2 class=\"wp-block-heading\">Erfolgreiche Automatisierungsprojekte unserer Kunden<\/h2>\n\n\n\n<p>Hier erfahren Sie Schritt f\u00fcr Schritt, wie Sie unsere Industrieautomatisierungsl\u00f6sungen effektiv einsetzen.<\/p>\n<\/div>\n<\/div>\n\n\n\n<div class=\"wp-block-media-text alignwide has-media-on-the-right is-stacked-on-mobile is-image-fill-element is-style-ext-preset--media-text--natural-1--card-1 is-style-ext-preset--media-text--natural-1--card-1--7\"><div class=\"wp-block-media-text__content\">\n<div class=\"wp-block-group alignwide is-vertical is-layout-flex wp-container-core-group-is-layout-53474e87 wp-block-group-is-layout-flex\" style=\"padding-top:var(--wp--preset--spacing--60);padding-bottom:var(--wp--preset--spacing--60)\">\n<div class=\"wp-block-group has-global-padding is-layout-constrained wp-container-core-group-is-layout-812d5580 wp-block-group-is-layout-constrained\" style=\"padding-top:0;padding-right:0;padding-bottom:0;padding-left:0\">\n<h3 class=\"wp-block-heading\">Ein Unternehmen steigert seine Produktionseffizienz deutlich.<\/h3>\n\n\n\n<p>Diese Fallstudie zeigt, wie AutoTech Consulting durch SPS-Programmierung und Elektroplanung Prozesse optimierte und Ausfallzeiten reduzierte.<\/p>\n<\/div>\n<\/div>\n<\/div><figure class=\"wp-block-media-text__media\"><img loading=\"lazy\" decoding=\"async\" width=\"1024\" height=\"1024\" src=\"https:\/\/autotech-consulting.com\/wp-content\/uploads\/2026\/04\/image.jpg\" alt=\"\" class=\"wp-image-137 size-full\" style=\"object-position:50% 50%\" srcset=\"https:\/\/autotech-consulting.com\/wp-content\/uploads\/2026\/04\/image.jpg 1024w, https:\/\/autotech-consulting.com\/wp-content\/uploads\/2026\/04\/image-300x300.jpg 300w, https:\/\/autotech-consulting.com\/wp-content\/uploads\/2026\/04\/image-150x150.jpg 150w, https:\/\/autotech-consulting.com\/wp-content\/uploads\/2026\/04\/image-768x768.jpg 768w, https:\/\/autotech-consulting.com\/wp-content\/uploads\/2026\/04\/image-12x12.jpg 12w\" sizes=\"auto, (max-width: 1024px) 100vw, 1024px\" \/><\/figure><\/div>\n\n\n\n<div class=\"wp-block-media-text alignwide is-stacked-on-mobile is-image-fill-element is-style-ext-preset--media-text--natural-1--card-1 is-style-ext-preset--media-text--natural-1--card-1--8\" style=\"margin-top:var(--wp--preset--spacing--40)\"><figure class=\"wp-block-media-text__media\"><img loading=\"lazy\" decoding=\"async\" width=\"1024\" height=\"1024\" src=\"https:\/\/autotech-consulting.com\/wp-content\/uploads\/2026\/04\/image-1.jpg\" alt=\"\" class=\"wp-image-139 size-full\" style=\"object-position:50% 50%\" srcset=\"https:\/\/autotech-consulting.com\/wp-content\/uploads\/2026\/04\/image-1.jpg 1024w, https:\/\/autotech-consulting.com\/wp-content\/uploads\/2026\/04\/image-1-300x300.jpg 300w, https:\/\/autotech-consulting.com\/wp-content\/uploads\/2026\/04\/image-1-150x150.jpg 150w, https:\/\/autotech-consulting.com\/wp-content\/uploads\/2026\/04\/image-1-768x768.jpg 768w, https:\/\/autotech-consulting.com\/wp-content\/uploads\/2026\/04\/image-1-12x12.jpg 12w\" sizes=\"auto, (max-width: 1024px) 100vw, 1024px\" \/><\/figure><div class=\"wp-block-media-text__content\">\n<div class=\"wp-block-group alignwide is-vertical is-layout-flex wp-container-core-group-is-layout-53474e87 wp-block-group-is-layout-flex\" style=\"padding-top:var(--wp--preset--spacing--60);padding-bottom:var(--wp--preset--spacing--60)\">\n<div class=\"wp-block-group has-global-padding is-layout-constrained wp-container-core-group-is-layout-812d5580 wp-block-group-is-layout-constrained\" style=\"padding-top:0;padding-right:0;padding-bottom:0;padding-left:0\">\n<h3 class=\"wp-block-heading\">Nachhaltiges Wachstum durch innovative Automatisierungstechniken<\/h3>\n\n\n\n<p>In dieser Fallstudie wird beschrieben, wie ein Kunde mit Siemens TIA Portal seine Anlage neu programmierte und so Spitzenleistungen erreichte.<\/p>\n<\/div>\n<\/div>\n<\/div><\/div>\n\n\n\n<div class=\"wp-block-media-text alignwide has-media-on-the-right is-stacked-on-mobile is-image-fill-element is-style-ext-preset--media-text--natural-1--card-1 is-style-ext-preset--media-text--natural-1--card-1--9\" style=\"margin-top:var(--wp--preset--spacing--40)\"><div class=\"wp-block-media-text__content\">\n<div class=\"wp-block-group alignwide is-vertical is-layout-flex wp-container-core-group-is-layout-53474e87 wp-block-group-is-layout-flex\" style=\"padding-top:var(--wp--preset--spacing--60);padding-bottom:var(--wp--preset--spacing--60)\">\n<div class=\"wp-block-group has-global-padding is-layout-constrained wp-container-core-group-is-layout-812d5580 wp-block-group-is-layout-constrained\" style=\"padding-top:0;padding-right:0;padding-bottom:0;padding-left:0\">\n<h3 class=\"wp-block-heading\">Optimierung der Industrieprozesse durch individuell angepasste L\u00f6sungen.<\/h3>\n\n\n\n<p>Diese Fallstudie demonstriert, wie wir durch pr\u00e4zise Inbetriebnahme und Prozessanalyse Kosten senkten und Produktionsqualit\u00e4t erh\u00f6hten.<\/p>\n<\/div>\n<\/div>\n<\/div><figure class=\"wp-block-media-text__media\"><img loading=\"lazy\" decoding=\"async\" width=\"1024\" height=\"1024\" src=\"https:\/\/autotech-consulting.com\/wp-content\/uploads\/2026\/04\/image-2.jpg\" alt=\"\" class=\"wp-image-141 size-full\" style=\"object-position:50% 50%\" srcset=\"https:\/\/autotech-consulting.com\/wp-content\/uploads\/2026\/04\/image-2.jpg 1024w, https:\/\/autotech-consulting.com\/wp-content\/uploads\/2026\/04\/image-2-300x300.jpg 300w, https:\/\/autotech-consulting.com\/wp-content\/uploads\/2026\/04\/image-2-150x150.jpg 150w, https:\/\/autotech-consulting.com\/wp-content\/uploads\/2026\/04\/image-2-768x768.jpg 768w, https:\/\/autotech-consulting.com\/wp-content\/uploads\/2026\/04\/image-2-12x12.jpg 12w\" sizes=\"auto, (max-width: 1024px) 100vw, 1024px\" \/><\/figure><\/div>\n\n\n\n<div class=\"wp-block-buttons is-content-justification-center is-layout-flex wp-container-core-buttons-is-layout-a89b3969 wp-block-buttons-is-layout-flex\">\n<div class=\"wp-block-button is-style-ext-preset--button--natural-1--button-1 is-style-ext-preset--button--natural-1--button-1--10\"><a class=\"wp-block-button__link wp-element-button\" href=\"https:\/\/autotech-consulting.com\/es\/erfahrungsberichte\/\">Mehr erfahren<\/a><\/div>\n<\/div>\n<\/div>","protected":false},"excerpt":{"rendered":"<p>Produktion optimieren mit Industrieautomatisierung AutoTech Consulting bietet spezialisierte Expertise in Elektroplanung, SPS-Programmierung und Prozessoptimierung f\u00fcr effiziente und zuverl\u00e4ssige Industrieanlagen. Elektroplanung Planung und Umsetzung ma\u00dfgeschneiderter elektrischer Steuerungen f\u00fcr industrielle Anwendungen. SPS-Programmierung Entwicklung und Anpassung von SPS-Programmen mit Siemens TIA Portal f\u00fcr automatisierte Prozesse. Inbetriebnahme Fachgerechte Installation und Start von Automatisierungssystemen zur Sicherstellung der Funktionalit\u00e4t. Prozessoptimierung Analyse [&hellip;]<\/p>\n","protected":false},"author":1,"featured_media":0,"parent":0,"menu_order":0,"comment_status":"closed","ping_status":"closed","template":"page-with-title","meta":{"footnotes":""},"class_list":["post-34","page","type-page","status-publish","hentry"],"yoast_head":"<!-- This site is optimized with the Yoast SEO plugin v27.5 - https:\/\/yoast.com\/product\/yoast-seo-wordpress\/ -->\n<title>Ressourcen - AutoTech Consulting %<\/title>\n<meta name=\"description\" content=\"Ressourcen AutoTech Consulting -\" \/>\n<meta name=\"robots\" content=\"index, follow, max-snippet:-1, max-image-preview:large, max-video-preview:-1\" \/>\n<link rel=\"canonical\" href=\"https:\/\/autotech-consulting.com\/es\/ressourcen\/\" \/>\n<meta property=\"og:locale\" content=\"es_ES\" \/>\n<meta property=\"og:type\" content=\"article\" \/>\n<meta property=\"og:title\" content=\"Ressourcen - AutoTech Consulting %\" \/>\n<meta property=\"og:description\" content=\"Ressourcen AutoTech Consulting -\" \/>\n<meta property=\"og:url\" content=\"https:\/\/autotech-consulting.com\/es\/ressourcen\/\" \/>\n<meta property=\"og:site_name\" content=\"AutoTech Consulting\" \/>\n<meta property=\"article:modified_time\" content=\"2026-04-14T18:59:18+00:00\" \/>\n<meta property=\"og:image\" content=\"https:\/\/autotech-consulting.com\/wp-content\/uploads\/2026\/02\/7f5660335708477503647d4e400c1af330238e73.jpg\" \/>\n\t<meta property=\"og:image:width\" content=\"1440\" \/>\n\t<meta property=\"og:image:height\" content=\"960\" \/>\n\t<meta property=\"og:image:type\" content=\"image\/jpeg\" \/>\n<meta name=\"twitter:card\" content=\"summary_large_image\" \/>\n<meta name=\"twitter:label1\" content=\"Tiempo de lectura\" \/>\n\t<meta name=\"twitter:data1\" content=\"1 minuto\" \/>\n<script type=\"application\/ld+json\" class=\"yoast-schema-graph\">{\"@context\":\"https:\\\/\\\/schema.org\",\"@graph\":[{\"@type\":\"WebPage\",\"@id\":\"https:\\\/\\\/autotech-consulting.com\\\/ressourcen\\\/\",\"url\":\"https:\\\/\\\/autotech-consulting.com\\\/ressourcen\\\/\",\"name\":\"Ressourcen - AutoTech Consulting %\",\"isPartOf\":{\"@id\":\"https:\\\/\\\/autotech-consulting.com\\\/#website\"},\"primaryImageOfPage\":{\"@id\":\"https:\\\/\\\/autotech-consulting.com\\\/ressourcen\\\/#primaryimage\"},\"image\":{\"@id\":\"https:\\\/\\\/autotech-consulting.com\\\/ressourcen\\\/#primaryimage\"},\"thumbnailUrl\":\"https:\\\/\\\/autotech-consulting.com\\\/wp-content\\\/uploads\\\/2026\\\/02\\\/7f5660335708477503647d4e400c1af330238e73.jpg\",\"datePublished\":\"2026-02-01T06:00:28+00:00\",\"dateModified\":\"2026-04-14T18:59:18+00:00\",\"description\":\"Ressourcen AutoTech Consulting -\",\"breadcrumb\":{\"@id\":\"https:\\\/\\\/autotech-consulting.com\\\/ressourcen\\\/#breadcrumb\"},\"inLanguage\":\"es\",\"potentialAction\":[{\"@type\":\"ReadAction\",\"target\":[\"https:\\\/\\\/autotech-consulting.com\\\/ressourcen\\\/\"]}]},{\"@type\":\"ImageObject\",\"inLanguage\":\"es\",\"@id\":\"https:\\\/\\\/autotech-consulting.com\\\/ressourcen\\\/#primaryimage\",\"url\":\"https:\\\/\\\/autotech-consulting.com\\\/wp-content\\\/uploads\\\/2026\\\/02\\\/7f5660335708477503647d4e400c1af330238e73.jpg\",\"contentUrl\":\"https:\\\/\\\/autotech-consulting.com\\\/wp-content\\\/uploads\\\/2026\\\/02\\\/7f5660335708477503647d4e400c1af330238e73.jpg\"},{\"@type\":\"BreadcrumbList\",\"@id\":\"https:\\\/\\\/autotech-consulting.com\\\/ressourcen\\\/#breadcrumb\",\"itemListElement\":[{\"@type\":\"ListItem\",\"position\":1,\"name\":\"Start\",\"item\":\"https:\\\/\\\/autotech-consulting.com\\\/\"},{\"@type\":\"ListItem\",\"position\":2,\"name\":\"Ressourcen\"}]},{\"@type\":\"WebSite\",\"@id\":\"https:\\\/\\\/autotech-consulting.com\\\/#website\",\"url\":\"https:\\\/\\\/autotech-consulting.com\\\/\",\"name\":\"AutoTech Consulting\",\"description\":\"Autotech Consulting bietet L\u00f6sungen in industrieller Automatisierung, Robotik und Prozessplanung, um die Produktion effizient und sicher zu optimieren und zu digitalisieren.\",\"publisher\":{\"@id\":\"https:\\\/\\\/autotech-consulting.com\\\/#organization\"},\"potentialAction\":[{\"@type\":\"SearchAction\",\"target\":{\"@type\":\"EntryPoint\",\"urlTemplate\":\"https:\\\/\\\/autotech-consulting.com\\\/?s={search_term_string}\"},\"query-input\":{\"@type\":\"PropertyValueSpecification\",\"valueRequired\":true,\"valueName\":\"search_term_string\"}}],\"inLanguage\":\"es\"},{\"@type\":\"Organization\",\"@id\":\"https:\\\/\\\/autotech-consulting.com\\\/#organization\",\"name\":\"AutoTech Consulting\",\"url\":\"https:\\\/\\\/autotech-consulting.com\\\/\",\"logo\":{\"@type\":\"ImageObject\",\"inLanguage\":\"es\",\"@id\":\"https:\\\/\\\/autotech-consulting.com\\\/#\\\/schema\\\/logo\\\/image\\\/\",\"url\":\"https:\\\/\\\/autotech-consulting.com\\\/wp-content\\\/uploads\\\/2026\\\/02\\\/erasebg-transformed-1.png\",\"contentUrl\":\"https:\\\/\\\/autotech-consulting.com\\\/wp-content\\\/uploads\\\/2026\\\/02\\\/erasebg-transformed-1.png\",\"width\":715,\"height\":602,\"caption\":\"AutoTech Consulting\"},\"image\":{\"@id\":\"https:\\\/\\\/autotech-consulting.com\\\/#\\\/schema\\\/logo\\\/image\\\/\"}}]}<\/script>\n<!-- \/ Yoast SEO plugin. -->","yoast_head_json":{"title":"Ressourcen - AutoTech Consulting %","description":"Ressourcen AutoTech Consulting -","robots":{"index":"index","follow":"follow","max-snippet":"max-snippet:-1","max-image-preview":"max-image-preview:large","max-video-preview":"max-video-preview:-1"},"canonical":"https:\/\/autotech-consulting.com\/es\/ressourcen\/","og_locale":"es_ES","og_type":"article","og_title":"Ressourcen - AutoTech Consulting %","og_description":"Ressourcen AutoTech Consulting -","og_url":"https:\/\/autotech-consulting.com\/es\/ressourcen\/","og_site_name":"AutoTech Consulting","article_modified_time":"2026-04-14T18:59:18+00:00","og_image":[{"width":1440,"height":960,"url":"https:\/\/autotech-consulting.com\/wp-content\/uploads\/2026\/02\/7f5660335708477503647d4e400c1af330238e73.jpg","type":"image\/jpeg"}],"twitter_card":"summary_large_image","twitter_misc":{"Tiempo de lectura":"1 minuto"},"schema":{"@context":"https:\/\/schema.org","@graph":[{"@type":"WebPage","@id":"https:\/\/autotech-consulting.com\/ressourcen\/","url":"https:\/\/autotech-consulting.com\/ressourcen\/","name":"Ressourcen - AutoTech Consulting %","isPartOf":{"@id":"https:\/\/autotech-consulting.com\/#website"},"primaryImageOfPage":{"@id":"https:\/\/autotech-consulting.com\/ressourcen\/#primaryimage"},"image":{"@id":"https:\/\/autotech-consulting.com\/ressourcen\/#primaryimage"},"thumbnailUrl":"https:\/\/autotech-consulting.com\/wp-content\/uploads\/2026\/02\/7f5660335708477503647d4e400c1af330238e73.jpg","datePublished":"2026-02-01T06:00:28+00:00","dateModified":"2026-04-14T18:59:18+00:00","description":"Ressourcen AutoTech Consulting -","breadcrumb":{"@id":"https:\/\/autotech-consulting.com\/ressourcen\/#breadcrumb"},"inLanguage":"es","potentialAction":[{"@type":"ReadAction","target":["https:\/\/autotech-consulting.com\/ressourcen\/"]}]},{"@type":"ImageObject","inLanguage":"es","@id":"https:\/\/autotech-consulting.com\/ressourcen\/#primaryimage","url":"https:\/\/autotech-consulting.com\/wp-content\/uploads\/2026\/02\/7f5660335708477503647d4e400c1af330238e73.jpg","contentUrl":"https:\/\/autotech-consulting.com\/wp-content\/uploads\/2026\/02\/7f5660335708477503647d4e400c1af330238e73.jpg"},{"@type":"BreadcrumbList","@id":"https:\/\/autotech-consulting.com\/ressourcen\/#breadcrumb","itemListElement":[{"@type":"ListItem","position":1,"name":"Start","item":"https:\/\/autotech-consulting.com\/"},{"@type":"ListItem","position":2,"name":"Ressourcen"}]},{"@type":"WebSite","@id":"https:\/\/autotech-consulting.com\/#website","url":"https:\/\/autotech-consulting.com\/","name":"AutoTech Consulting","description":"Autotech Consulting bietet L\u00f6sungen in industrieller Automatisierung, Robotik und Prozessplanung, um die Produktion effizient und sicher zu optimieren und zu digitalisieren.","publisher":{"@id":"https:\/\/autotech-consulting.com\/#organization"},"potentialAction":[{"@type":"SearchAction","target":{"@type":"EntryPoint","urlTemplate":"https:\/\/autotech-consulting.com\/?s={search_term_string}"},"query-input":{"@type":"PropertyValueSpecification","valueRequired":true,"valueName":"search_term_string"}}],"inLanguage":"es"},{"@type":"Organization","@id":"https:\/\/autotech-consulting.com\/#organization","name":"AutoTech Consulting","url":"https:\/\/autotech-consulting.com\/","logo":{"@type":"ImageObject","inLanguage":"es","@id":"https:\/\/autotech-consulting.com\/#\/schema\/logo\/image\/","url":"https:\/\/autotech-consulting.com\/wp-content\/uploads\/2026\/02\/erasebg-transformed-1.png","contentUrl":"https:\/\/autotech-consulting.com\/wp-content\/uploads\/2026\/02\/erasebg-transformed-1.png","width":715,"height":602,"caption":"AutoTech Consulting"},"image":{"@id":"https:\/\/autotech-consulting.com\/#\/schema\/logo\/image\/"}}]}},"_links":{"self":[{"href":"https:\/\/autotech-consulting.com\/es\/wp-json\/wp\/v2\/pages\/34","targetHints":{"allow":["GET"]}}],"collection":[{"href":"https:\/\/autotech-consulting.com\/es\/wp-json\/wp\/v2\/pages"}],"about":[{"href":"https:\/\/autotech-consulting.com\/es\/wp-json\/wp\/v2\/types\/page"}],"author":[{"embeddable":true,"href":"https:\/\/autotech-consulting.com\/es\/wp-json\/wp\/v2\/users\/1"}],"replies":[{"embeddable":true,"href":"https:\/\/autotech-consulting.com\/es\/wp-json\/wp\/v2\/comments?post=34"}],"version-history":[{"count":6,"href":"https:\/\/autotech-consulting.com\/es\/wp-json\/wp\/v2\/pages\/34\/revisions"}],"predecessor-version":[{"id":215,"href":"https:\/\/autotech-consulting.com\/es\/wp-json\/wp\/v2\/pages\/34\/revisions\/215"}],"wp:attachment":[{"href":"https:\/\/autotech-consulting.com\/es\/wp-json\/wp\/v2\/media?parent=34"}],"curies":[{"name":"wp","href":"https:\/\/api.w.org\/{rel}","templated":true}]}}