{"id":31,"date":"2026-02-01T06:00:27","date_gmt":"2026-02-01T06:00:27","guid":{"rendered":"https:\/\/autotech-consulting.com\/portfolio\/"},"modified":"2026-04-14T19:00:10","modified_gmt":"2026-04-14T19:00:10","slug":"portfolio","status":"publish","type":"page","link":"https:\/\/autotech-consulting.com\/es\/portfolio\/","title":{"rendered":"Portfolio"},"content":{"rendered":"<div class=\"wp-block-group alignfull is-style-ext-preset--group--natural-1--section has-background-background-color has-background has-global-padding is-layout-constrained wp-container-core-group-is-layout-7276a2bb wp-block-group-is-layout-constrained\" style=\"margin-top:0;margin-bottom:0;padding-top:var(--wp--preset--spacing--60);padding-right:var(--wp--preset--spacing--30);padding-bottom:var(--wp--preset--spacing--60);padding-left:var(--wp--preset--spacing--30)\">\n<div class=\"wp-block-columns alignwide are-vertically-aligned-center is-layout-flex wp-container-core-columns-is-layout-47c06fe3 wp-block-columns-is-layout-flex\">\n<div class=\"wp-block-column is-vertically-aligned-center is-layout-flow wp-container-core-column-is-layout-f5bb311e wp-block-column-is-layout-flow\" style=\"flex-basis:50%\">\n<div class=\"wp-block-columns is-layout-flex wp-container-core-columns-is-layout-28f84493 wp-block-columns-is-layout-flex\">\n<div class=\"wp-block-column is-layout-flow wp-block-column-is-layout-flow\" style=\"flex-basis:100%\">\n<div class=\"wp-block-columns is-layout-flex wp-container-core-columns-is-layout-28f84493 wp-block-columns-is-layout-flex\">\n<div class=\"wp-block-column is-layout-flow wp-block-column-is-layout-flow\" style=\"flex-basis:100%\">\n<figure class=\"wp-block-gallery has-nested-images columns-default is-cropped wp-block-gallery-3 is-layout-flex wp-block-gallery-is-layout-flex\">\n<figure class=\"wp-block-image size-full is-style-default wp-duotone-unset-2\"><img loading=\"lazy\" decoding=\"async\" width=\"1373\" height=\"2306\" data-id=\"100\" src=\"https:\/\/autotech-consulting.com\/wp-content\/uploads\/2026\/02\/2026-02-01-13_26_18-edited.jpeg\" alt=\"\" class=\"wp-image-100\" style=\"object-fit:cover\" srcset=\"https:\/\/autotech-consulting.com\/wp-content\/uploads\/2026\/02\/2026-02-01-13_26_18-edited.jpeg 1373w, https:\/\/autotech-consulting.com\/wp-content\/uploads\/2026\/02\/2026-02-01-13_26_18-edited-179x300.jpeg 179w, https:\/\/autotech-consulting.com\/wp-content\/uploads\/2026\/02\/2026-02-01-13_26_18-edited-610x1024.jpeg 610w, https:\/\/autotech-consulting.com\/wp-content\/uploads\/2026\/02\/2026-02-01-13_26_18-edited-768x1290.jpeg 768w, https:\/\/autotech-consulting.com\/wp-content\/uploads\/2026\/02\/2026-02-01-13_26_18-edited-915x1536.jpeg 915w, https:\/\/autotech-consulting.com\/wp-content\/uploads\/2026\/02\/2026-02-01-13_26_18-edited-1219x2048.jpeg 1219w, https:\/\/autotech-consulting.com\/wp-content\/uploads\/2026\/02\/2026-02-01-13_26_18-edited-7x12.jpeg 7w\" sizes=\"auto, (max-width: 1373px) 100vw, 1373px\" \/><\/figure>\n<\/figure>\n<\/div>\n<\/div>\n<\/div>\n<\/div>\n<\/div>\n\n\n\n<div class=\"wp-block-column is-vertically-aligned-center is-layout-flow wp-block-column-is-layout-flow\" style=\"flex-basis:60%\">\n<h2 class=\"wp-block-heading has-large-font-size\">Ayoub Irzi B.<\/h2>\n\n\n\n<p style=\"margin-top:8px\">Automatisierungstechnike<\/p>\n\n\n\n<p style=\"margin-top:16px\">Mit umfassender Erfahrung in der Elektroplanung und SPS-Programmierung unterst\u00fctzt er die Umsetzung komplexer Industrieautomationsprojekte und sorgt f\u00fcr effiziente Abl\u00e4ufe.<\/p>\n\n\n\n<ul class=\"wp-block-social-links has-normal-icon-size has-icon-color is-style-logos-only is-layout-flex wp-container-core-social-links-is-layout-ec7a6dbc wp-block-social-links-is-layout-flex\" style=\"margin-top:var(--wp--preset--spacing--30)\"><li style=\"color:#0B0620;\" class=\"wp-social-link wp-social-link-linkedin has-foreground-color wp-block-social-link\"><a href=\"#\" class=\"wp-block-social-link-anchor\"><svg width=\"24\" height=\"24\" viewbox=\"0 0 24 24\" version=\"1.1\" xmlns=\"http:\/\/www.w3.org\/2000\/svg\" aria-hidden=\"true\" focusable=\"false\"><path d=\"M19.7,3H4.3C3.582,3,3,3.582,3,4.3v15.4C3,20.418,3.582,21,4.3,21h15.4c0.718,0,1.3-0.582,1.3-1.3V4.3 C21,3.582,20.418,3,19.7,3z M8.339,18.338H5.667v-8.59h2.672V18.338z M7.004,8.574c-0.857,0-1.549-0.694-1.549-1.548 c0-0.855,0.691-1.548,1.549-1.548c0.854,0,1.547,0.694,1.547,1.548C8.551,7.881,7.858,8.574,7.004,8.574z M18.339,18.338h-2.669 v-4.177c0-0.996-0.017-2.278-1.387-2.278c-1.389,0-1.601,1.086-1.601,2.206v4.249h-2.667v-8.59h2.559v1.174h0.037 c0.356-0.675,1.227-1.387,2.526-1.387c2.703,0,3.203,1.779,3.203,4.092V18.338z\"><\/path><\/svg><span class=\"wp-block-social-link-label screen-reader-text\">LinkedIn<\/span><\/a><\/li>\n\n<li style=\"color:#0B0620;\" class=\"wp-social-link wp-social-link-x has-foreground-color wp-block-social-link\"><a href=\"#\" class=\"wp-block-social-link-anchor\"><svg width=\"24\" height=\"24\" viewbox=\"0 0 24 24\" version=\"1.1\" xmlns=\"http:\/\/www.w3.org\/2000\/svg\" aria-hidden=\"true\" focusable=\"false\"><path d=\"M13.982 10.622 20.54 3h-1.554l-5.693 6.618L8.745 3H3.5l6.876 10.007L3.5 21h1.554l6.012-6.989L15.868 21h5.245l-7.131-10.378Zm-2.128 2.474-.697-.997-5.543-7.93H8l4.474 6.4.697.996 5.815 8.318h-2.387l-4.745-6.787Z\" \/><\/svg><span class=\"wp-block-social-link-label screen-reader-text\">X<\/span><\/a><\/li>\n\n<li style=\"color:#0B0620;\" class=\"wp-social-link wp-social-link-dribbble has-foreground-color wp-block-social-link\"><a href=\"#\" class=\"wp-block-social-link-anchor\"><svg width=\"24\" height=\"24\" viewbox=\"0 0 24 24\" version=\"1.1\" xmlns=\"http:\/\/www.w3.org\/2000\/svg\" aria-hidden=\"true\" focusable=\"false\"><path d=\"M12,22C6.486,22,2,17.514,2,12S6.486,2,12,2c5.514,0,10,4.486,10,10S17.514,22,12,22z M20.434,13.369 c-0.292-0.092-2.644-0.794-5.32-0.365c1.117,3.07,1.572,5.57,1.659,6.09C18.689,17.798,20.053,15.745,20.434,13.369z M15.336,19.876c-0.127-0.749-0.623-3.361-1.822-6.477c-0.019,0.006-0.038,0.013-0.056,0.019c-4.818,1.679-6.547,5.02-6.701,5.334 c1.448,1.129,3.268,1.803,5.243,1.803C13.183,20.555,14.311,20.313,15.336,19.876z M5.654,17.724 c0.193-0.331,2.538-4.213,6.943-5.637c0.111-0.036,0.224-0.07,0.337-0.102c-0.214-0.485-0.448-0.971-0.692-1.45 c-4.266,1.277-8.405,1.223-8.778,1.216c-0.003,0.087-0.004,0.174-0.004,0.261C3.458,14.207,4.29,16.21,5.654,17.724z M3.639,10.264 c0.382,0.005,3.901,0.02,7.897-1.041c-1.415-2.516-2.942-4.631-3.167-4.94C5.979,5.41,4.193,7.613,3.639,10.264z M9.998,3.709 c0.236,0.316,1.787,2.429,3.187,5c3.037-1.138,4.323-2.867,4.477-3.085C16.154,4.286,14.17,3.471,12,3.471 C11.311,3.471,10.641,3.554,9.998,3.709z M18.612,6.612C18.432,6.855,17,8.69,13.842,9.979c0.199,0.407,0.389,0.821,0.567,1.237 c0.063,0.148,0.124,0.295,0.184,0.441c2.842-0.357,5.666,0.215,5.948,0.275C20.522,9.916,19.801,8.065,18.612,6.612z\"><\/path><\/svg><span class=\"wp-block-social-link-label screen-reader-text\">Dribbble<\/span><\/a><\/li><\/ul>\n<\/div>\n<\/div>\n<\/div>\n\n\n\n<div class=\"wp-block-group alignfull is-style-ext-preset--group--natural-1--section has-background-background-color has-background has-global-padding is-layout-constrained wp-container-core-group-is-layout-f72f1611 wp-block-group-is-layout-constrained\" id=\"galerie\" style=\"margin-top:0;margin-bottom:0;padding-top:var(--wp--preset--spacing--70);padding-bottom:var(--wp--preset--spacing--70)\">\n<div class=\"wp-block-group alignwide is-vertical is-layout-flex wp-container-core-group-is-layout-c35747d5 wp-block-group-is-layout-flex\">\n<div class=\"wp-block-group has-global-padding is-layout-constrained wp-container-core-group-is-layout-5e05634a wp-block-group-is-layout-constrained\">\n<h2 class=\"wp-block-heading\">Innovative Elektroplanung f\u00fcr h\u00f6chste Effizienz<\/h2>\n\n\n\n<p class=\"has-text-align-left\">Diese Galerie pr\u00e4sentiert ausgew\u00e4hlte Projekte, die unsere Kompetenz in Industrieautomatisierung eindrucksvoll demonstrieren.<\/p>\n<\/div>\n<\/div>\n\n\n\n<div class=\"wp-block-columns alignwide are-vertically-aligned-top is-layout-flex wp-container-core-columns-is-layout-87beb0d0 wp-block-columns-is-layout-flex\">\n<div class=\"wp-block-column is-vertically-aligned-top is-layout-flow wp-container-core-column-is-layout-f5bb311e wp-block-column-is-layout-flow\">\n<figure class=\"wp-block-image is-style-ext-preset--image--natural-1--image-1--content-bottom is-style-ext-preset--image--natural-1--image-1--content-bottom--5\"><img loading=\"lazy\" decoding=\"async\" width=\"1440\" height=\"960\" src=\"https:\/\/autotech-consulting.com\/wp-content\/uploads\/2026\/02\/55034bb04e0732b38472007c096fa15668552082.jpg\" alt=\"\" class=\"wp-image-58\" style=\"aspect-ratio:1;object-fit:cover\" srcset=\"https:\/\/autotech-consulting.com\/wp-content\/uploads\/2026\/02\/55034bb04e0732b38472007c096fa15668552082.jpg 1440w, https:\/\/autotech-consulting.com\/wp-content\/uploads\/2026\/02\/55034bb04e0732b38472007c096fa15668552082-300x200.jpg 300w, https:\/\/autotech-consulting.com\/wp-content\/uploads\/2026\/02\/55034bb04e0732b38472007c096fa15668552082-1024x683.jpg 1024w, https:\/\/autotech-consulting.com\/wp-content\/uploads\/2026\/02\/55034bb04e0732b38472007c096fa15668552082-768x512.jpg 768w, https:\/\/autotech-consulting.com\/wp-content\/uploads\/2026\/02\/55034bb04e0732b38472007c096fa15668552082-18x12.jpg 18w\" sizes=\"auto, (max-width: 1440px) 100vw, 1440px\" \/><\/figure>\n<\/div>\n\n\n\n<div class=\"wp-block-column is-vertically-aligned-top is-layout-flow wp-container-core-column-is-layout-f5bb311e wp-block-column-is-layout-flow\">\n<figure class=\"wp-block-image size-large is-style-ext-preset--image--natural-1--image-1--content-bottom is-style-ext-preset--image--natural-1--image-1--content-bottom--6\"><img loading=\"lazy\" decoding=\"async\" width=\"1024\" height=\"683\" src=\"https:\/\/autotech-consulting.com\/wp-content\/uploads\/2026\/04\/Ingeniero-electrico-en-el-sitio-de-construccion-1024x683.png\" alt=\"\" class=\"wp-image-209\" style=\"aspect-ratio:1;object-fit:cover\" srcset=\"https:\/\/autotech-consulting.com\/wp-content\/uploads\/2026\/04\/Ingeniero-electrico-en-el-sitio-de-construccion-1024x683.png 1024w, https:\/\/autotech-consulting.com\/wp-content\/uploads\/2026\/04\/Ingeniero-electrico-en-el-sitio-de-construccion-300x200.png 300w, https:\/\/autotech-consulting.com\/wp-content\/uploads\/2026\/04\/Ingeniero-electrico-en-el-sitio-de-construccion-768x512.png 768w, https:\/\/autotech-consulting.com\/wp-content\/uploads\/2026\/04\/Ingeniero-electrico-en-el-sitio-de-construccion-18x12.png 18w, https:\/\/autotech-consulting.com\/wp-content\/uploads\/2026\/04\/Ingeniero-electrico-en-el-sitio-de-construccion.png 1536w\" sizes=\"auto, (max-width: 1024px) 100vw, 1024px\" \/><\/figure>\n<\/div>\n\n\n\n<div class=\"wp-block-column is-vertically-aligned-top is-layout-flow wp-container-core-column-is-layout-f5bb311e wp-block-column-is-layout-flow\">\n<figure class=\"wp-block-image is-style-ext-preset--image--natural-1--image-1--content-bottom is-style-ext-preset--image--natural-1--image-1--content-bottom--7\"><img loading=\"lazy\" decoding=\"async\" width=\"1440\" height=\"960\" src=\"https:\/\/autotech-consulting.com\/wp-content\/uploads\/2026\/02\/7f5660335708477503647d4e400c1af330238e73.jpg\" alt=\"\" class=\"wp-image-49\" style=\"aspect-ratio:1;object-fit:cover\" srcset=\"https:\/\/autotech-consulting.com\/wp-content\/uploads\/2026\/02\/7f5660335708477503647d4e400c1af330238e73.jpg 1440w, https:\/\/autotech-consulting.com\/wp-content\/uploads\/2026\/02\/7f5660335708477503647d4e400c1af330238e73-300x200.jpg 300w, https:\/\/autotech-consulting.com\/wp-content\/uploads\/2026\/02\/7f5660335708477503647d4e400c1af330238e73-1024x683.jpg 1024w, https:\/\/autotech-consulting.com\/wp-content\/uploads\/2026\/02\/7f5660335708477503647d4e400c1af330238e73-768x512.jpg 768w, https:\/\/autotech-consulting.com\/wp-content\/uploads\/2026\/02\/7f5660335708477503647d4e400c1af330238e73-18x12.jpg 18w\" sizes=\"auto, (max-width: 1440px) 100vw, 1440px\" \/><\/figure>\n<\/div>\n<\/div>\n<\/div>","protected":false},"excerpt":{"rendered":"<p>Ayoub Irzi B. Automatisierungstechnike Mit umfassender Erfahrung in der Elektroplanung und SPS-Programmierung unterst\u00fctzt er die Umsetzung komplexer Industrieautomationsprojekte und sorgt f\u00fcr effiziente Abl\u00e4ufe. Innovative Elektroplanung f\u00fcr h\u00f6chste Effizienz Diese Galerie pr\u00e4sentiert ausgew\u00e4hlte Projekte, die unsere Kompetenz in Industrieautomatisierung eindrucksvoll demonstrieren.<\/p>","protected":false},"author":1,"featured_media":0,"parent":0,"menu_order":0,"comment_status":"closed","ping_status":"closed","template":"page-with-title","meta":{"footnotes":""},"class_list":["post-31","page","type-page","status-publish","hentry"],"yoast_head":"<!-- This site is optimized with the Yoast SEO plugin v27.5 - https:\/\/yoast.com\/product\/yoast-seo-wordpress\/ -->\n<title>Portfolio - AutoTech Consulting %<\/title>\n<meta name=\"description\" content=\"Portfolio AutoTech Consulting -\" \/>\n<meta name=\"robots\" content=\"index, follow, max-snippet:-1, max-image-preview:large, max-video-preview:-1\" \/>\n<link rel=\"canonical\" href=\"https:\/\/autotech-consulting.com\/es\/portfolio\/\" \/>\n<meta property=\"og:locale\" content=\"es_ES\" \/>\n<meta property=\"og:type\" content=\"article\" \/>\n<meta property=\"og:title\" content=\"Portfolio - AutoTech Consulting %\" \/>\n<meta property=\"og:description\" content=\"Portfolio AutoTech Consulting -\" \/>\n<meta property=\"og:url\" content=\"https:\/\/autotech-consulting.com\/es\/portfolio\/\" \/>\n<meta property=\"og:site_name\" content=\"AutoTech Consulting\" \/>\n<meta property=\"article:modified_time\" content=\"2026-04-14T19:00:10+00:00\" \/>\n<meta property=\"og:image\" content=\"https:\/\/autotech-consulting.com\/wp-content\/uploads\/2026\/02\/2026-02-01-13_26_18-edited.jpeg\" \/>\n\t<meta property=\"og:image:width\" content=\"1373\" \/>\n\t<meta property=\"og:image:height\" content=\"2306\" \/>\n\t<meta property=\"og:image:type\" content=\"image\/jpeg\" \/>\n<meta name=\"twitter:card\" content=\"summary_large_image\" \/>\n<script type=\"application\/ld+json\" class=\"yoast-schema-graph\">{\"@context\":\"https:\\\/\\\/schema.org\",\"@graph\":[{\"@type\":\"WebPage\",\"@id\":\"https:\\\/\\\/autotech-consulting.com\\\/portfolio\\\/\",\"url\":\"https:\\\/\\\/autotech-consulting.com\\\/portfolio\\\/\",\"name\":\"Portfolio - AutoTech Consulting %\",\"isPartOf\":{\"@id\":\"https:\\\/\\\/autotech-consulting.com\\\/#website\"},\"primaryImageOfPage\":{\"@id\":\"https:\\\/\\\/autotech-consulting.com\\\/portfolio\\\/#primaryimage\"},\"image\":{\"@id\":\"https:\\\/\\\/autotech-consulting.com\\\/portfolio\\\/#primaryimage\"},\"thumbnailUrl\":\"https:\\\/\\\/autotech-consulting.com\\\/wp-content\\\/uploads\\\/2026\\\/02\\\/2026-02-01-13_26_18-edited.jpeg\",\"datePublished\":\"2026-02-01T06:00:27+00:00\",\"dateModified\":\"2026-04-14T19:00:10+00:00\",\"description\":\"Portfolio AutoTech Consulting -\",\"breadcrumb\":{\"@id\":\"https:\\\/\\\/autotech-consulting.com\\\/portfolio\\\/#breadcrumb\"},\"inLanguage\":\"es\",\"potentialAction\":[{\"@type\":\"ReadAction\",\"target\":[\"https:\\\/\\\/autotech-consulting.com\\\/portfolio\\\/\"]}]},{\"@type\":\"ImageObject\",\"inLanguage\":\"es\",\"@id\":\"https:\\\/\\\/autotech-consulting.com\\\/portfolio\\\/#primaryimage\",\"url\":\"https:\\\/\\\/autotech-consulting.com\\\/wp-content\\\/uploads\\\/2026\\\/02\\\/2026-02-01-13_26_18-edited.jpeg\",\"contentUrl\":\"https:\\\/\\\/autotech-consulting.com\\\/wp-content\\\/uploads\\\/2026\\\/02\\\/2026-02-01-13_26_18-edited.jpeg\"},{\"@type\":\"BreadcrumbList\",\"@id\":\"https:\\\/\\\/autotech-consulting.com\\\/portfolio\\\/#breadcrumb\",\"itemListElement\":[{\"@type\":\"ListItem\",\"position\":1,\"name\":\"Start\",\"item\":\"https:\\\/\\\/autotech-consulting.com\\\/\"},{\"@type\":\"ListItem\",\"position\":2,\"name\":\"Portfolio\"}]},{\"@type\":\"WebSite\",\"@id\":\"https:\\\/\\\/autotech-consulting.com\\\/#website\",\"url\":\"https:\\\/\\\/autotech-consulting.com\\\/\",\"name\":\"AutoTech Consulting\",\"description\":\"Autotech Consulting bietet L\u00f6sungen in industrieller Automatisierung, Robotik und Prozessplanung, um die Produktion effizient und sicher zu optimieren und zu digitalisieren.\",\"publisher\":{\"@id\":\"https:\\\/\\\/autotech-consulting.com\\\/#organization\"},\"potentialAction\":[{\"@type\":\"SearchAction\",\"target\":{\"@type\":\"EntryPoint\",\"urlTemplate\":\"https:\\\/\\\/autotech-consulting.com\\\/?s={search_term_string}\"},\"query-input\":{\"@type\":\"PropertyValueSpecification\",\"valueRequired\":true,\"valueName\":\"search_term_string\"}}],\"inLanguage\":\"es\"},{\"@type\":\"Organization\",\"@id\":\"https:\\\/\\\/autotech-consulting.com\\\/#organization\",\"name\":\"AutoTech Consulting\",\"url\":\"https:\\\/\\\/autotech-consulting.com\\\/\",\"logo\":{\"@type\":\"ImageObject\",\"inLanguage\":\"es\",\"@id\":\"https:\\\/\\\/autotech-consulting.com\\\/#\\\/schema\\\/logo\\\/image\\\/\",\"url\":\"https:\\\/\\\/autotech-consulting.com\\\/wp-content\\\/uploads\\\/2026\\\/02\\\/erasebg-transformed-1.png\",\"contentUrl\":\"https:\\\/\\\/autotech-consulting.com\\\/wp-content\\\/uploads\\\/2026\\\/02\\\/erasebg-transformed-1.png\",\"width\":715,\"height\":602,\"caption\":\"AutoTech Consulting\"},\"image\":{\"@id\":\"https:\\\/\\\/autotech-consulting.com\\\/#\\\/schema\\\/logo\\\/image\\\/\"}}]}<\/script>\n<!-- \/ Yoast SEO plugin. -->","yoast_head_json":{"title":"Portfolio - AutoTech Consulting %","description":"Portfolio AutoTech Consulting -","robots":{"index":"index","follow":"follow","max-snippet":"max-snippet:-1","max-image-preview":"max-image-preview:large","max-video-preview":"max-video-preview:-1"},"canonical":"https:\/\/autotech-consulting.com\/es\/portfolio\/","og_locale":"es_ES","og_type":"article","og_title":"Portfolio - AutoTech Consulting %","og_description":"Portfolio AutoTech Consulting -","og_url":"https:\/\/autotech-consulting.com\/es\/portfolio\/","og_site_name":"AutoTech Consulting","article_modified_time":"2026-04-14T19:00:10+00:00","og_image":[{"width":1373,"height":2306,"url":"https:\/\/autotech-consulting.com\/wp-content\/uploads\/2026\/02\/2026-02-01-13_26_18-edited.jpeg","type":"image\/jpeg"}],"twitter_card":"summary_large_image","schema":{"@context":"https:\/\/schema.org","@graph":[{"@type":"WebPage","@id":"https:\/\/autotech-consulting.com\/portfolio\/","url":"https:\/\/autotech-consulting.com\/portfolio\/","name":"Portfolio - AutoTech Consulting %","isPartOf":{"@id":"https:\/\/autotech-consulting.com\/#website"},"primaryImageOfPage":{"@id":"https:\/\/autotech-consulting.com\/portfolio\/#primaryimage"},"image":{"@id":"https:\/\/autotech-consulting.com\/portfolio\/#primaryimage"},"thumbnailUrl":"https:\/\/autotech-consulting.com\/wp-content\/uploads\/2026\/02\/2026-02-01-13_26_18-edited.jpeg","datePublished":"2026-02-01T06:00:27+00:00","dateModified":"2026-04-14T19:00:10+00:00","description":"Portfolio AutoTech Consulting -","breadcrumb":{"@id":"https:\/\/autotech-consulting.com\/portfolio\/#breadcrumb"},"inLanguage":"es","potentialAction":[{"@type":"ReadAction","target":["https:\/\/autotech-consulting.com\/portfolio\/"]}]},{"@type":"ImageObject","inLanguage":"es","@id":"https:\/\/autotech-consulting.com\/portfolio\/#primaryimage","url":"https:\/\/autotech-consulting.com\/wp-content\/uploads\/2026\/02\/2026-02-01-13_26_18-edited.jpeg","contentUrl":"https:\/\/autotech-consulting.com\/wp-content\/uploads\/2026\/02\/2026-02-01-13_26_18-edited.jpeg"},{"@type":"BreadcrumbList","@id":"https:\/\/autotech-consulting.com\/portfolio\/#breadcrumb","itemListElement":[{"@type":"ListItem","position":1,"name":"Start","item":"https:\/\/autotech-consulting.com\/"},{"@type":"ListItem","position":2,"name":"Portfolio"}]},{"@type":"WebSite","@id":"https:\/\/autotech-consulting.com\/#website","url":"https:\/\/autotech-consulting.com\/","name":"AutoTech Consulting","description":"Autotech Consulting bietet L\u00f6sungen in industrieller Automatisierung, Robotik und Prozessplanung, um die Produktion effizient und sicher zu optimieren und zu digitalisieren.","publisher":{"@id":"https:\/\/autotech-consulting.com\/#organization"},"potentialAction":[{"@type":"SearchAction","target":{"@type":"EntryPoint","urlTemplate":"https:\/\/autotech-consulting.com\/?s={search_term_string}"},"query-input":{"@type":"PropertyValueSpecification","valueRequired":true,"valueName":"search_term_string"}}],"inLanguage":"es"},{"@type":"Organization","@id":"https:\/\/autotech-consulting.com\/#organization","name":"AutoTech Consulting","url":"https:\/\/autotech-consulting.com\/","logo":{"@type":"ImageObject","inLanguage":"es","@id":"https:\/\/autotech-consulting.com\/#\/schema\/logo\/image\/","url":"https:\/\/autotech-consulting.com\/wp-content\/uploads\/2026\/02\/erasebg-transformed-1.png","contentUrl":"https:\/\/autotech-consulting.com\/wp-content\/uploads\/2026\/02\/erasebg-transformed-1.png","width":715,"height":602,"caption":"AutoTech Consulting"},"image":{"@id":"https:\/\/autotech-consulting.com\/#\/schema\/logo\/image\/"}}]}},"_links":{"self":[{"href":"https:\/\/autotech-consulting.com\/es\/wp-json\/wp\/v2\/pages\/31","targetHints":{"allow":["GET"]}}],"collection":[{"href":"https:\/\/autotech-consulting.com\/es\/wp-json\/wp\/v2\/pages"}],"about":[{"href":"https:\/\/autotech-consulting.com\/es\/wp-json\/wp\/v2\/types\/page"}],"author":[{"embeddable":true,"href":"https:\/\/autotech-consulting.com\/es\/wp-json\/wp\/v2\/users\/1"}],"replies":[{"embeddable":true,"href":"https:\/\/autotech-consulting.com\/es\/wp-json\/wp\/v2\/comments?post=31"}],"version-history":[{"count":31,"href":"https:\/\/autotech-consulting.com\/es\/wp-json\/wp\/v2\/pages\/31\/revisions"}],"predecessor-version":[{"id":216,"href":"https:\/\/autotech-consulting.com\/es\/wp-json\/wp\/v2\/pages\/31\/revisions\/216"}],"wp:attachment":[{"href":"https:\/\/autotech-consulting.com\/es\/wp-json\/wp\/v2\/media?parent=31"}],"curies":[{"name":"wp","href":"https:\/\/api.w.org\/{rel}","templated":true}]}}