{"id":30,"date":"2026-02-01T06:00:27","date_gmt":"2026-02-01T06:00:27","guid":{"rendered":"https:\/\/autotech-consulting.com\/ueber\/"},"modified":"2026-04-14T19:48:51","modified_gmt":"2026-04-14T19:48:51","slug":"ueber","status":"publish","type":"page","link":"https:\/\/autotech-consulting.com\/es\/ueber\/","title":{"rendered":"Kontakt &#038; Technische Anfrage"},"content":{"rendered":"<div class=\"wp-block-group alignfull is-style-ext-preset--group--natural-1--section has-background-background-color has-background has-global-padding is-layout-constrained wp-block-group-is-layout-constrained\" id=\"ueber-uns\" style=\"margin-top:0;margin-bottom:0;padding-top:var(--wp--preset--spacing--70);padding-bottom:var(--wp--preset--spacing--70)\">\n<div class=\"wp-block-columns alignwide is-layout-flex wp-container-core-columns-is-layout-174606dc wp-block-columns-is-layout-flex\">\n<div class=\"wp-block-column is-layout-flow wp-block-column-is-layout-flow\">\n<div class=\"wp-block-group alignwide is-vertical is-content-justification-center is-layout-flex wp-container-core-group-is-layout-c9ee0c5a wp-block-group-is-layout-flex\">\n<div class=\"wp-block-group has-global-padding is-layout-constrained wp-container-core-group-is-layout-dd32767c wp-block-group-is-layout-constrained\">\n<h2 class=\"wp-block-heading has-text-align-center\">Nehmen Sie Kontakt &amp; Technische Anfrage mit uns auf<\/h2>\n\n\n\n<p>Sie haben Fragen zu unseren Leistungen in Automatisierung, Robotik oder Prozessplanung? Kontakt &amp; Technische Anfrageieren Sie uns gerne f\u00fcr ein unverbindliches Gespr\u00e4ch. Gemeinsam besprechen wir Ihre Anforderungen und entwickeln individuelle L\u00f6sungen f\u00fcr Ihre Produktion.<\/p>\n<\/div>\n<\/div>\n<\/div>\n<\/div>\n<\/div>\n\n\n\n<div class=\"wp-block-columns ext-animate--on is-layout-flex wp-container-core-columns-is-layout-28f84493 wp-block-columns-is-layout-flex\">\n<div class=\"wp-block-column is-vertically-aligned-center ext-animate--on is-layout-flow wp-block-column-is-layout-flow\" style=\"flex-basis:100%\">\n<div class=\"wp-block-contact-form-7-contact-form-selector ext-animate--on\">\n<div class=\"wpcf7 no-js\" id=\"wpcf7-f221-o1\" lang=\"de-DE\" dir=\"ltr\" data-wpcf7-id=\"221\">\n<div class=\"screen-reader-response\"><p role=\"status\" aria-live=\"polite\" aria-atomic=\"true\"><\/p> <ul><\/ul><\/div>\n<form action=\"\/es\/wp-json\/wp\/v2\/pages\/30#wpcf7-f221-o1\" method=\"post\" class=\"wpcf7-form init\" aria-label=\"Kontaktformular\" novalidate=\"novalidate\" data-status=\"init\" data-trp-original-action=\"\/es\/wp-json\/wp\/v2\/pages\/30#wpcf7-f221-o1\">\n<fieldset class=\"hidden-fields-container\"><input type=\"hidden\" name=\"_wpcf7\" value=\"221\" \/><input type=\"hidden\" name=\"_wpcf7_version\" value=\"6.1.5\" \/><input type=\"hidden\" name=\"_wpcf7_locale\" value=\"de_DE\" \/><input type=\"hidden\" name=\"_wpcf7_unit_tag\" value=\"wpcf7-f221-o1\" \/><input type=\"hidden\" name=\"_wpcf7_container_post\" value=\"0\" \/><input type=\"hidden\" name=\"_wpcf7_posted_data_hash\" value=\"\" \/>\n<\/fieldset>\n<p><label> Dein Name<br \/>\n<span class=\"wpcf7-form-control-wrap\" data-name=\"your-name\"><input size=\"40\" maxlength=\"400\" class=\"wpcf7-form-control wpcf7-text wpcf7-validates-as-required\" autocomplete=\"name\" aria-required=\"true\" aria-invalid=\"false\" value=\"\" type=\"text\" name=\"your-name\" \/><\/span> <\/label>\n<\/p>\n<p><label> Deine E-Mail-Adresse<br \/>\n<span class=\"wpcf7-form-control-wrap\" data-name=\"your-email\"><input size=\"40\" maxlength=\"400\" class=\"wpcf7-form-control wpcf7-email wpcf7-validates-as-required wpcf7-text wpcf7-validates-as-email\" autocomplete=\"email\" aria-required=\"true\" aria-invalid=\"false\" value=\"\" type=\"email\" name=\"your-email\" \/><\/span> <\/label>\n<\/p>\n<p><label> Betreff<br \/>\n<span class=\"wpcf7-form-control-wrap\" data-name=\"your-subject\"><input size=\"40\" maxlength=\"400\" class=\"wpcf7-form-control wpcf7-text wpcf7-validates-as-required\" aria-required=\"true\" aria-invalid=\"false\" value=\"\" type=\"text\" name=\"your-subject\" \/><\/span> <\/label>\n<\/p>\n<p><label> Deine Nachricht (optional)<br \/>\n<span class=\"wpcf7-form-control-wrap\" data-name=\"your-message\"><textarea cols=\"40\" rows=\"10\" maxlength=\"2000\" class=\"wpcf7-form-control wpcf7-textarea\" aria-invalid=\"false\" name=\"your-message\"><\/textarea><\/span> <\/label>\n<\/p>\n<p><input class=\"wpcf7-form-control wpcf7-submit has-spinner\" type=\"submit\" value=\"Senden\" \/>\n<\/p><div class=\"wpcf7-response-output\" aria-hidden=\"true\"><\/div>\n<input type=\"hidden\" name=\"trp-form-language\" value=\"es\"\/><\/form>\n<\/div>\n<\/div>\n<\/div>\n<\/div>","protected":false},"excerpt":{"rendered":"<p>Nehmen Sie Kontakt &amp; Technische Anfrage mit uns auf Sie haben Fragen zu unseren Leistungen in Automatisierung, Robotik oder Prozessplanung? Kontakt &amp; Technische Anfrageieren Sie uns gerne f\u00fcr ein unverbindliches Gespr\u00e4ch. Gemeinsam besprechen wir Ihre Anforderungen und entwickeln individuelle L\u00f6sungen f\u00fcr Ihre Produktion.<\/p>","protected":false},"author":1,"featured_media":0,"parent":0,"menu_order":0,"comment_status":"closed","ping_status":"closed","template":"page-with-title","meta":{"footnotes":""},"class_list":["post-30","page","type-page","status-publish","hentry"],"yoast_head":"<!-- This site is optimized with the Yoast SEO plugin v27.5 - https:\/\/yoast.com\/product\/yoast-seo-wordpress\/ -->\n<title>Kontakt &amp; Technische Anfrage - AutoTech Consulting %<\/title>\n<meta name=\"description\" content=\"Kontakt &amp; Technische Anfrage AutoTech Consulting -\" \/>\n<meta name=\"robots\" content=\"index, follow, max-snippet:-1, max-image-preview:large, max-video-preview:-1\" \/>\n<link rel=\"canonical\" href=\"https:\/\/autotech-consulting.com\/es\/ueber\/\" \/>\n<meta property=\"og:locale\" content=\"es_ES\" \/>\n<meta property=\"og:type\" content=\"article\" \/>\n<meta property=\"og:title\" content=\"Kontakt &amp; Technische Anfrage - AutoTech Consulting %\" \/>\n<meta property=\"og:description\" content=\"Kontakt &amp; Technische Anfrage AutoTech Consulting -\" \/>\n<meta property=\"og:url\" content=\"https:\/\/autotech-consulting.com\/es\/ueber\/\" \/>\n<meta property=\"og:site_name\" content=\"AutoTech Consulting\" \/>\n<meta property=\"article:modified_time\" content=\"2026-04-14T19:48:51+00:00\" \/>\n<meta name=\"twitter:card\" content=\"summary_large_image\" \/>\n<script type=\"application\/ld+json\" class=\"yoast-schema-graph\">{\"@context\":\"https:\\\/\\\/schema.org\",\"@graph\":[{\"@type\":\"WebPage\",\"@id\":\"https:\\\/\\\/autotech-consulting.com\\\/ueber\\\/\",\"url\":\"https:\\\/\\\/autotech-consulting.com\\\/ueber\\\/\",\"name\":\"Kontakt & Technische Anfrage - AutoTech Consulting %\",\"isPartOf\":{\"@id\":\"https:\\\/\\\/autotech-consulting.com\\\/#website\"},\"datePublished\":\"2026-02-01T06:00:27+00:00\",\"dateModified\":\"2026-04-14T19:48:51+00:00\",\"description\":\"Kontakt & Technische Anfrage AutoTech Consulting -\",\"breadcrumb\":{\"@id\":\"https:\\\/\\\/autotech-consulting.com\\\/ueber\\\/#breadcrumb\"},\"inLanguage\":\"es\",\"potentialAction\":[{\"@type\":\"ReadAction\",\"target\":[\"https:\\\/\\\/autotech-consulting.com\\\/ueber\\\/\"]}]},{\"@type\":\"BreadcrumbList\",\"@id\":\"https:\\\/\\\/autotech-consulting.com\\\/ueber\\\/#breadcrumb\",\"itemListElement\":[{\"@type\":\"ListItem\",\"position\":1,\"name\":\"Start\",\"item\":\"https:\\\/\\\/autotech-consulting.com\\\/\"},{\"@type\":\"ListItem\",\"position\":2,\"name\":\"Kontakt &#038; Technische Anfrage\"}]},{\"@type\":\"WebSite\",\"@id\":\"https:\\\/\\\/autotech-consulting.com\\\/#website\",\"url\":\"https:\\\/\\\/autotech-consulting.com\\\/\",\"name\":\"AutoTech Consulting\",\"description\":\"Autotech Consulting bietet L\u00f6sungen in industrieller Automatisierung, Robotik und Prozessplanung, um die Produktion effizient und sicher zu optimieren und zu digitalisieren.\",\"publisher\":{\"@id\":\"https:\\\/\\\/autotech-consulting.com\\\/#organization\"},\"potentialAction\":[{\"@type\":\"SearchAction\",\"target\":{\"@type\":\"EntryPoint\",\"urlTemplate\":\"https:\\\/\\\/autotech-consulting.com\\\/?s={search_term_string}\"},\"query-input\":{\"@type\":\"PropertyValueSpecification\",\"valueRequired\":true,\"valueName\":\"search_term_string\"}}],\"inLanguage\":\"es\"},{\"@type\":\"Organization\",\"@id\":\"https:\\\/\\\/autotech-consulting.com\\\/#organization\",\"name\":\"AutoTech Consulting\",\"url\":\"https:\\\/\\\/autotech-consulting.com\\\/\",\"logo\":{\"@type\":\"ImageObject\",\"inLanguage\":\"es\",\"@id\":\"https:\\\/\\\/autotech-consulting.com\\\/#\\\/schema\\\/logo\\\/image\\\/\",\"url\":\"https:\\\/\\\/autotech-consulting.com\\\/wp-content\\\/uploads\\\/2026\\\/02\\\/erasebg-transformed-1.png\",\"contentUrl\":\"https:\\\/\\\/autotech-consulting.com\\\/wp-content\\\/uploads\\\/2026\\\/02\\\/erasebg-transformed-1.png\",\"width\":715,\"height\":602,\"caption\":\"AutoTech Consulting\"},\"image\":{\"@id\":\"https:\\\/\\\/autotech-consulting.com\\\/#\\\/schema\\\/logo\\\/image\\\/\"}}]}<\/script>\n<!-- \/ Yoast SEO plugin. -->","yoast_head_json":{"title":"Kontakt & Technische Anfrage - AutoTech Consulting %","description":"Kontakt & Technische Anfrage AutoTech Consulting -","robots":{"index":"index","follow":"follow","max-snippet":"max-snippet:-1","max-image-preview":"max-image-preview:large","max-video-preview":"max-video-preview:-1"},"canonical":"https:\/\/autotech-consulting.com\/es\/ueber\/","og_locale":"es_ES","og_type":"article","og_title":"Kontakt & Technische Anfrage - AutoTech Consulting %","og_description":"Kontakt & Technische Anfrage AutoTech Consulting -","og_url":"https:\/\/autotech-consulting.com\/es\/ueber\/","og_site_name":"AutoTech Consulting","article_modified_time":"2026-04-14T19:48:51+00:00","twitter_card":"summary_large_image","schema":{"@context":"https:\/\/schema.org","@graph":[{"@type":"WebPage","@id":"https:\/\/autotech-consulting.com\/ueber\/","url":"https:\/\/autotech-consulting.com\/ueber\/","name":"Kontakt & Technische Anfrage - AutoTech Consulting %","isPartOf":{"@id":"https:\/\/autotech-consulting.com\/#website"},"datePublished":"2026-02-01T06:00:27+00:00","dateModified":"2026-04-14T19:48:51+00:00","description":"Kontakt & Technische Anfrage AutoTech Consulting -","breadcrumb":{"@id":"https:\/\/autotech-consulting.com\/ueber\/#breadcrumb"},"inLanguage":"es","potentialAction":[{"@type":"ReadAction","target":["https:\/\/autotech-consulting.com\/ueber\/"]}]},{"@type":"BreadcrumbList","@id":"https:\/\/autotech-consulting.com\/ueber\/#breadcrumb","itemListElement":[{"@type":"ListItem","position":1,"name":"Start","item":"https:\/\/autotech-consulting.com\/"},{"@type":"ListItem","position":2,"name":"Kontakt &#038; Technische Anfrage"}]},{"@type":"WebSite","@id":"https:\/\/autotech-consulting.com\/#website","url":"https:\/\/autotech-consulting.com\/","name":"AutoTech Consulting","description":"Autotech Consulting bietet L\u00f6sungen in industrieller Automatisierung, Robotik und Prozessplanung, um die Produktion effizient und sicher zu optimieren und zu digitalisieren.","publisher":{"@id":"https:\/\/autotech-consulting.com\/#organization"},"potentialAction":[{"@type":"SearchAction","target":{"@type":"EntryPoint","urlTemplate":"https:\/\/autotech-consulting.com\/?s={search_term_string}"},"query-input":{"@type":"PropertyValueSpecification","valueRequired":true,"valueName":"search_term_string"}}],"inLanguage":"es"},{"@type":"Organization","@id":"https:\/\/autotech-consulting.com\/#organization","name":"AutoTech Consulting","url":"https:\/\/autotech-consulting.com\/","logo":{"@type":"ImageObject","inLanguage":"es","@id":"https:\/\/autotech-consulting.com\/#\/schema\/logo\/image\/","url":"https:\/\/autotech-consulting.com\/wp-content\/uploads\/2026\/02\/erasebg-transformed-1.png","contentUrl":"https:\/\/autotech-consulting.com\/wp-content\/uploads\/2026\/02\/erasebg-transformed-1.png","width":715,"height":602,"caption":"AutoTech Consulting"},"image":{"@id":"https:\/\/autotech-consulting.com\/#\/schema\/logo\/image\/"}}]}},"_links":{"self":[{"href":"https:\/\/autotech-consulting.com\/es\/wp-json\/wp\/v2\/pages\/30","targetHints":{"allow":["GET"]}}],"collection":[{"href":"https:\/\/autotech-consulting.com\/es\/wp-json\/wp\/v2\/pages"}],"about":[{"href":"https:\/\/autotech-consulting.com\/es\/wp-json\/wp\/v2\/types\/page"}],"author":[{"embeddable":true,"href":"https:\/\/autotech-consulting.com\/es\/wp-json\/wp\/v2\/users\/1"}],"replies":[{"embeddable":true,"href":"https:\/\/autotech-consulting.com\/es\/wp-json\/wp\/v2\/comments?post=30"}],"version-history":[{"count":23,"href":"https:\/\/autotech-consulting.com\/es\/wp-json\/wp\/v2\/pages\/30\/revisions"}],"predecessor-version":[{"id":231,"href":"https:\/\/autotech-consulting.com\/es\/wp-json\/wp\/v2\/pages\/30\/revisions\/231"}],"wp:attachment":[{"href":"https:\/\/autotech-consulting.com\/es\/wp-json\/wp\/v2\/media?parent=30"}],"curies":[{"name":"wp","href":"https:\/\/api.w.org\/{rel}","templated":true}]}}